{"id":18,"date":"2018-03-08T10:52:30","date_gmt":"2018-03-08T09:52:30","guid":{"rendered":"http:\/\/medlight.pl\/blog\/?page_id=18"},"modified":"2024-03-09T15:40:35","modified_gmt":"2024-03-09T14:40:35","slug":"czy-jest-lampa-bioptron","status":"publish","type":"page","link":"https:\/\/medlight.pl\/blog\/czy-jest-lampa-bioptron\/","title":{"rendered":"Czym jest Lampa Bioptron?"},"content":{"rendered":"<p><strong>Lampa BIOPTRON<\/strong> to <em>urz\u0105dzenia medyczne<\/em>, znajduj\u0105ce szerokie zastosowanie w profesjonalnych plac\u00f3wkach medycznych, specjalistycznych instytucjach, centrach odnowy biologicznej i o\u015brodkach sportu, jak r\u00f3wnie\u017c w warunkach domowych (urz\u0105dzenia dostosowane do potrzeb indywidualnych u\u017cytkownik\u00f3w).<\/p>\n<p style=\"text-align: center;\"><iframe src=\"\/\/www.youtube.com\/embed\/gTcNw-0kPjI?t=806s\" width=\"560\" height=\"314\" allowfullscreen=\"allowfullscreen\"><\/iframe><\/p>\n<p>\u00a0<\/p>\n<p><strong>BIOPTRON<\/strong> to system terapii \u015bwiat\u0142em, kt\u00f3ry mo\u017ce by\u0107 stosowany przez <strong>KA\u017bDEGO<\/strong>, i kt\u00f3ry wyr\u00f3\u017cnia: szeroki zakres zastosowa\u0144, \u0142atwa obs\u0142uga, bezbolesny i kr\u00f3tki okres jednorazowego zabiegu oraz brak skutk\u00f3w ubocznych. Produkowane w Szwajcarii urz\u0105dzenia <strong>BIOPTRON<\/strong> to efekt wykorzystania osi\u0105gni\u0119\u0107 w dziedzinie innowacyjnych technologii. Urz\u0105dzenia zosta\u0142y zaprojektowane w spos\u00f3b przyjazny dla u\u017cytkownika.<\/p>\n<p>Dla ka\u017cdego urz\u0105dzenia BIOPTRON s\u0105 dost\u0119pne statywy pod\u0142ogowe, co zwi\u0119ksza wygod\u0119 stosowania \u015bwiat\u0142oterapii i u\u0142atwia jej dostosowanie do indywidualnych potrzeb. Zastosowanie statywu zwi\u0119ksza komfort zabiegu, umo\u017cliwiaj\u0105c na\u015bwietlanie dowolnej partii cia\u0142a. Urz\u0105dzenia Bioptron r\u00f3\u017cni\u0105 si\u0119 wy\u0142\u0105cznie rozmiarem i wzornictwem, natomiast emitowane przez nie \u015bwiat\u0142o, posiada jednakowe cechy fizyczne i przynosi jednakowe korzy\u015bci i efekty lecznicze dla ludzkiego organizmu.<br \/><br \/>Wszystkie urz\u0105dzenie do Terapii \u015awiat\u0142em BIOPTRON produkowane s\u0105 przez BIOPTRON AG w Szwajcarii.<br \/><br \/>BIOPTRON AG to szwajcarska firma, kt\u00f3ra sta\u0142a si\u0119 cz\u0142onkiem Holdingu Zepter w po\u0142owie lat 90-tych. Lecznicze w\u0142a\u015bciwo\u015bci terapii \u015bwiat\u0142em to efekt wieloletnich bada\u0144 naukowych oraz wykorzystania potencja\u0142u, do\u015bwiadczenia i wiedzy specjalist\u00f3w pracuj\u0105cych dla Grupy Zepter. Wszystkie te elementy by\u0142y i nadal s\u0105 podstaw\u0105 w procesie produkcji Systemu Terapii \u015awiat\u0142em BIOPTRON.<\/p>\n<h3 style=\"text-align: center;\">Pozostajemy do dyspozycji w razie jakichkolwiek w\u0105tpliwo\u015bci i konieczno\u015bci udzielenia dodatkowych informacji.<\/h3>\n<p>\u00a0<\/p>\n<h2 style=\"text-align: center;\"><strong>Tel: 504\u00a0480\u00a0626<\/strong><\/h2>\n<h2 style=\"text-align: center;\">e-mail: sklep@medlight.pl<\/h2>\n<p style=\"text-align: center;\"><b><\/b>Zapraszam do zapoznania si\u0119 z nasz\u0105 ofert\u0105 na stronach: <a href=\"https:\/\/sylwia.zepter.pl\/\">https:\/\/sylwia.zepter.pl<\/a>\u00a0 \u00a0<\/p>\n<p>\u00a0<\/p>\n<p><strong>Jeste\u015bmy dost\u0119pni na portalach spo\u0142eczno\u015bciowych:<\/strong><\/p>\n<p><strong>Facebook<\/strong>\u00a0<a href=\"https:\/\/www.facebook.com\/ProduktyZepter\">https:\/\/www.facebook.com\/ProduktyZepter<\/a><\/p>\n<p><strong>Instagram<\/strong>\u00a0<a href=\"https:\/\/www.instagram.com\/produktyzepter.pl\/?hl=pl\">https:\/\/www.instagram.com\/produktyzepter.pl\/?hl=pl<\/a><\/p>\n<p><strong>Tweter<\/strong>\u00a0<a href=\"https:\/\/twitter.com\/sylwiachochol\">https:\/\/twitter.com\/sylwiachochol<\/a><\/p>\n<p><strong>YouTube<\/strong>\u00a0<a href=\"https:\/\/www.youtube.com\/channel\/UCPnILazJ-Dh3WV3fvG1S27g\">https:\/\/www.youtube.com\/channel\/UCPnILazJ-Dh3WV3fvG1S27g<\/a><\/p>","protected":false},"excerpt":{"rendered":"<p>Lampa BIOPTRON to urz\u0105dzenia medyczne, znajduj\u0105ce szerokie zastosowanie w profesjonalnych plac\u00f3wkach medycznych, specjalistycznych instytucjach, centrach odnowy biologicznej i o\u015brodkach sportu, jak r\u00f3wnie\u017c w warunkach domowych (urz\u0105dzenia dostosowane do potrzeb indywidualnych u\u017cytkownik\u00f3w). \u00a0 BIOPTRON to system terapii \u015bwiat\u0142em, kt\u00f3ry mo\u017ce by\u0107 stosowany przez KA\u017bDEGO, i kt\u00f3ry wyr\u00f3\u017cnia: szeroki zakres zastosowa\u0144, \u0142atwa obs\u0142uga, bezbolesny i kr\u00f3tki okres jednorazowego zabiegu oraz brak skutk\u00f3w ubocznych. Produkowane w Szwajcarii urz\u0105dzenia BIOPTRON to efekt wykorzystania osi\u0105gni\u0119\u0107 w dziedzinie innowacyjnych technologii. Urz\u0105dzenia zosta\u0142y zaprojektowane w spos\u00f3b przyjazny dla u\u017cytkownika. Dla ka\u017cdego urz\u0105dzenia BIOPTRON s\u0105 dost\u0119pne statywy pod\u0142ogowe, co zwi\u0119ksza wygod\u0119 stosowania \u015bwiat\u0142oterapii i u\u0142atwia jej dostosowanie do indywidualnych potrzeb. Zastosowanie statywu zwi\u0119ksza komfort zabiegu, umo\u017cliwiaj\u0105c na\u015bwietlanie dowolnej partii cia\u0142a. Urz\u0105dzenia Bioptron r\u00f3\u017cni\u0105 si\u0119 wy\u0142\u0105cznie rozmiarem i wzornictwem, natomiast emitowane przez nie \u015bwiat\u0142o, posiada jednakowe cechy fizyczne i przynosi jednakowe korzy\u015bci i efekty lecznicze dla ludzkiego organizmu. Wszystkie urz\u0105dzenie do Terapii \u015awiat\u0142em BIOPTRON produkowane s\u0105 przez BIOPTRON AG w Szwajcarii. BIOPTRON AG to szwajcarska firma, kt\u00f3ra sta\u0142a si\u0119 cz\u0142onkiem Holdingu Zepter w po\u0142owie lat 90-tych. Lecznicze w\u0142a\u015bciwo\u015bci terapii \u015bwiat\u0142em to efekt wieloletnich bada\u0144 naukowych oraz wykorzystania potencja\u0142u, do\u015bwiadczenia i wiedzy specjalist\u00f3w pracuj\u0105cych dla Grupy Zepter. Wszystkie te elementy by\u0142y i nadal s\u0105 podstaw\u0105 w procesie produkcji Systemu Terapii \u015awiat\u0142em BIOPTRON. Pozostajemy do dyspozycji w razie jakichkolwiek w\u0105tpliwo\u015bci i konieczno\u015bci udzielenia dodatkowych informacji. \u00a0 Tel: 504\u00a0480\u00a0626 e-mail: sklep@medlight.pl Zapraszam do zapoznania si\u0119 z nasz\u0105 ofert\u0105 na stronach: https:\/\/sylwia.zepter.pl\u00a0 \u00a0 \u00a0 Jeste\u015bmy dost\u0119pni na portalach spo\u0142eczno\u015bciowych: Facebook\u00a0https:\/\/www.facebook.com\/ProduktyZepter Instagram\u00a0https:\/\/www.instagram.com\/produktyzepter.pl\/?hl=pl Tweter\u00a0https:\/\/twitter.com\/sylwiachochol YouTube\u00a0https:\/\/www.youtube.com\/channel\/UCPnILazJ-Dh3WV3fvG1S27g<\/p>\n","protected":false},"author":1,"featured_media":0,"parent":0,"menu_order":0,"comment_status":"closed","ping_status":"closed","template":"","meta":{"_monsterinsights_skip_tracking":false,"_monsterinsights_sitenote_active":false,"_monsterinsights_sitenote_note":"","_monsterinsights_sitenote_category":0,"footnotes":""},"class_list":["post-18","page","type-page","status-publish","hentry"],"yoast_head":"<!-- This site is optimized with the Yoast SEO plugin v25.3 - https:\/\/yoast.com\/wordpress\/plugins\/seo\/ -->\n<title>Czym jest Lampa Bioptron? - Przedstawiciel produkt\u00f3w Zepter \/ Bioptron - Gwarancja Niskich Cen Krak\u00f3w Olkusz Katowice Nowy S\u0105cz<\/title>\n<meta name=\"robots\" content=\"index, follow, max-snippet:-1, max-image-preview:large, max-video-preview:-1\" \/>\n<link rel=\"canonical\" href=\"https:\/\/medlight.pl\/blog\/czy-jest-lampa-bioptron\/\" \/>\n<meta property=\"og:locale\" content=\"pl_PL\" \/>\n<meta property=\"og:type\" content=\"article\" \/>\n<meta property=\"og:title\" content=\"Czym jest Lampa Bioptron? - Przedstawiciel produkt\u00f3w Zepter \/ Bioptron - Gwarancja Niskich Cen Krak\u00f3w Olkusz Katowice Nowy S\u0105cz\" \/>\n<meta property=\"og:description\" content=\"Lampa BIOPTRON to urz\u0105dzenia medyczne, znajduj\u0105ce szerokie zastosowanie w profesjonalnych plac\u00f3wkach medycznych, specjalistycznych instytucjach, centrach odnowy biologicznej i o\u015brodkach sportu, jak r\u00f3wnie\u017c w warunkach domowych (urz\u0105dzenia dostosowane do potrzeb indywidualnych u\u017cytkownik\u00f3w). \u00a0 BIOPTRON to system terapii \u015bwiat\u0142em, kt\u00f3ry mo\u017ce by\u0107 stosowany przez KA\u017bDEGO, i kt\u00f3ry wyr\u00f3\u017cnia: szeroki zakres zastosowa\u0144, \u0142atwa obs\u0142uga, bezbolesny i kr\u00f3tki okres jednorazowego zabiegu oraz brak skutk\u00f3w ubocznych. Produkowane w Szwajcarii urz\u0105dzenia BIOPTRON to efekt wykorzystania osi\u0105gni\u0119\u0107 w dziedzinie innowacyjnych technologii. Urz\u0105dzenia zosta\u0142y zaprojektowane w spos\u00f3b przyjazny dla u\u017cytkownika. Dla ka\u017cdego urz\u0105dzenia BIOPTRON s\u0105 dost\u0119pne statywy pod\u0142ogowe, co zwi\u0119ksza wygod\u0119 stosowania \u015bwiat\u0142oterapii i u\u0142atwia jej dostosowanie do indywidualnych potrzeb. Zastosowanie statywu zwi\u0119ksza komfort zabiegu, umo\u017cliwiaj\u0105c na\u015bwietlanie dowolnej partii cia\u0142a. Urz\u0105dzenia Bioptron r\u00f3\u017cni\u0105 si\u0119 wy\u0142\u0105cznie rozmiarem i wzornictwem, natomiast emitowane przez nie \u015bwiat\u0142o, posiada jednakowe cechy fizyczne i przynosi jednakowe korzy\u015bci i efekty lecznicze dla ludzkiego organizmu. Wszystkie urz\u0105dzenie do Terapii \u015awiat\u0142em BIOPTRON produkowane s\u0105 przez BIOPTRON AG w Szwajcarii. BIOPTRON AG to szwajcarska firma, kt\u00f3ra sta\u0142a si\u0119 cz\u0142onkiem Holdingu Zepter w po\u0142owie lat 90-tych. Lecznicze w\u0142a\u015bciwo\u015bci terapii \u015bwiat\u0142em to efekt wieloletnich bada\u0144 naukowych oraz wykorzystania potencja\u0142u, do\u015bwiadczenia i wiedzy specjalist\u00f3w pracuj\u0105cych dla Grupy Zepter. Wszystkie te elementy by\u0142y i nadal s\u0105 podstaw\u0105 w procesie produkcji Systemu Terapii \u015awiat\u0142em BIOPTRON. Pozostajemy do dyspozycji w razie jakichkolwiek w\u0105tpliwo\u015bci i konieczno\u015bci udzielenia dodatkowych informacji. \u00a0 Tel: 504\u00a0480\u00a0626 e-mail: sklep@medlight.pl Zapraszam do zapoznania si\u0119 z nasz\u0105 ofert\u0105 na stronach: https:\/\/sylwia.zepter.pl\u00a0 \u00a0 \u00a0 Jeste\u015bmy dost\u0119pni na portalach spo\u0142eczno\u015bciowych: Facebook\u00a0https:\/\/www.facebook.com\/ProduktyZepter Instagram\u00a0https:\/\/www.instagram.com\/produktyzepter.pl\/?hl=pl Tweter\u00a0https:\/\/twitter.com\/sylwiachochol YouTube\u00a0https:\/\/www.youtube.com\/channel\/UCPnILazJ-Dh3WV3fvG1S27g\" \/>\n<meta property=\"og:url\" content=\"https:\/\/medlight.pl\/blog\/czy-jest-lampa-bioptron\/\" \/>\n<meta property=\"og:site_name\" content=\"Przedstawiciel produkt\u00f3w Zepter \/ Bioptron - Gwarancja Niskich Cen\" \/>\n<meta property=\"article:publisher\" content=\"https:\/\/www.facebook.com\/medlightpl-104577625396777\" \/>\n<meta property=\"article:modified_time\" content=\"2024-03-09T14:40:35+00:00\" \/>\n<meta name=\"twitter:card\" content=\"summary_large_image\" \/>\n<meta name=\"twitter:site\" content=\"@sylwiachochol\" \/>\n<meta name=\"twitter:label1\" content=\"Szacowany czas czytania\" \/>\n\t<meta name=\"twitter:data1\" content=\"2 minuty\" \/>\n<script type=\"application\/ld+json\" class=\"yoast-schema-graph\">{\"@context\":\"https:\/\/schema.org\",\"@graph\":[{\"@type\":\"WebPage\",\"@id\":\"https:\/\/medlight.pl\/blog\/czy-jest-lampa-bioptron\/\",\"url\":\"https:\/\/medlight.pl\/blog\/czy-jest-lampa-bioptron\/\",\"name\":\"Czym jest Lampa Bioptron? - Przedstawiciel produkt\u00f3w Zepter \/ Bioptron - Gwarancja Niskich Cen Krak\u00f3w Olkusz Katowice Nowy S\u0105cz\",\"isPartOf\":{\"@id\":\"https:\/\/medlight.pl\/blog\/#website\"},\"datePublished\":\"2018-03-08T09:52:30+00:00\",\"dateModified\":\"2024-03-09T14:40:35+00:00\",\"breadcrumb\":{\"@id\":\"https:\/\/medlight.pl\/blog\/czy-jest-lampa-bioptron\/#breadcrumb\"},\"inLanguage\":\"pl-PL\",\"potentialAction\":[{\"@type\":\"ReadAction\",\"target\":[\"https:\/\/medlight.pl\/blog\/czy-jest-lampa-bioptron\/\"]}]},{\"@type\":\"BreadcrumbList\",\"@id\":\"https:\/\/medlight.pl\/blog\/czy-jest-lampa-bioptron\/#breadcrumb\",\"itemListElement\":[{\"@type\":\"ListItem\",\"position\":1,\"name\":\"Strona g\u0142\u00f3wna\",\"item\":\"https:\/\/medlight.pl\/blog\/\"},{\"@type\":\"ListItem\",\"position\":2,\"name\":\"Czym jest Lampa Bioptron?\"}]},{\"@type\":\"WebSite\",\"@id\":\"https:\/\/medlight.pl\/blog\/#website\",\"url\":\"https:\/\/medlight.pl\/blog\/\",\"name\":\"Przedstawiciel produkt\u00f3w Zepter \/ Bioptron - Gwarancja Niskich Cen\",\"description\":\"Znajdziesz najwi\u0119cej informacji na temat produkt\u00f3w firmy Zepter \/ Bioptron\",\"publisher\":{\"@id\":\"https:\/\/medlight.pl\/blog\/#organization\"},\"potentialAction\":[{\"@type\":\"SearchAction\",\"target\":{\"@type\":\"EntryPoint\",\"urlTemplate\":\"https:\/\/medlight.pl\/blog\/?s={search_term_string}\"},\"query-input\":{\"@type\":\"PropertyValueSpecification\",\"valueRequired\":true,\"valueName\":\"search_term_string\"}}],\"inLanguage\":\"pl-PL\"},{\"@type\":\"Organization\",\"@id\":\"https:\/\/medlight.pl\/blog\/#organization\",\"name\":\"MEDLIGHT SYLWIA CHOCH\u00d3\u0141\",\"alternateName\":\"MEDLIGHT SYLWIA CHOCH\u00d3\u0141\",\"url\":\"https:\/\/medlight.pl\/blog\/\",\"logo\":{\"@type\":\"ImageObject\",\"inLanguage\":\"pl-PL\",\"@id\":\"https:\/\/medlight.pl\/blog\/#\/schema\/logo\/image\/\",\"url\":\"https:\/\/medlight.pl\/blog\/wp-content\/uploads\/2021\/01\/produktyzepter.pl-2.png\",\"contentUrl\":\"https:\/\/medlight.pl\/blog\/wp-content\/uploads\/2021\/01\/produktyzepter.pl-2.png\",\"width\":500,\"height\":500,\"caption\":\"MEDLIGHT SYLWIA CHOCH\u00d3\u0141\"},\"image\":{\"@id\":\"https:\/\/medlight.pl\/blog\/#\/schema\/logo\/image\/\"},\"sameAs\":[\"https:\/\/www.facebook.com\/medlightpl-104577625396777\",\"https:\/\/x.com\/sylwiachochol\",\"https:\/\/www.instagram.com\/medlight.pl\/\",\"https:\/\/www.linkedin.com\/in\/sylwia-choch\u00f3\u0142-31a75258\/\",\"https:\/\/nl.pinterest.com\/sylwiachoch\/\",\"https:\/\/www.youtube.com\/channel\/UCPnILazJ-Dh3WV3fvG1S27g\"]}]}<\/script>\n<!-- \/ Yoast SEO plugin. -->","yoast_head_json":{"title":"Czym jest Lampa Bioptron? - Przedstawiciel produkt\u00f3w Zepter \/ Bioptron - Gwarancja Niskich Cen Krak\u00f3w Olkusz Katowice Nowy S\u0105cz","robots":{"index":"index","follow":"follow","max-snippet":"max-snippet:-1","max-image-preview":"max-image-preview:large","max-video-preview":"max-video-preview:-1"},"canonical":"https:\/\/medlight.pl\/blog\/czy-jest-lampa-bioptron\/","og_locale":"pl_PL","og_type":"article","og_title":"Czym jest Lampa Bioptron? - Przedstawiciel produkt\u00f3w Zepter \/ Bioptron - Gwarancja Niskich Cen Krak\u00f3w Olkusz Katowice Nowy S\u0105cz","og_description":"Lampa BIOPTRON to urz\u0105dzenia medyczne, znajduj\u0105ce szerokie zastosowanie w profesjonalnych plac\u00f3wkach medycznych, specjalistycznych instytucjach, centrach odnowy biologicznej i o\u015brodkach sportu, jak r\u00f3wnie\u017c w warunkach domowych (urz\u0105dzenia dostosowane do potrzeb indywidualnych u\u017cytkownik\u00f3w). \u00a0 BIOPTRON to system terapii \u015bwiat\u0142em, kt\u00f3ry mo\u017ce by\u0107 stosowany przez KA\u017bDEGO, i kt\u00f3ry wyr\u00f3\u017cnia: szeroki zakres zastosowa\u0144, \u0142atwa obs\u0142uga, bezbolesny i kr\u00f3tki okres jednorazowego zabiegu oraz brak skutk\u00f3w ubocznych. Produkowane w Szwajcarii urz\u0105dzenia BIOPTRON to efekt wykorzystania osi\u0105gni\u0119\u0107 w dziedzinie innowacyjnych technologii. Urz\u0105dzenia zosta\u0142y zaprojektowane w spos\u00f3b przyjazny dla u\u017cytkownika. Dla ka\u017cdego urz\u0105dzenia BIOPTRON s\u0105 dost\u0119pne statywy pod\u0142ogowe, co zwi\u0119ksza wygod\u0119 stosowania \u015bwiat\u0142oterapii i u\u0142atwia jej dostosowanie do indywidualnych potrzeb. Zastosowanie statywu zwi\u0119ksza komfort zabiegu, umo\u017cliwiaj\u0105c na\u015bwietlanie dowolnej partii cia\u0142a. Urz\u0105dzenia Bioptron r\u00f3\u017cni\u0105 si\u0119 wy\u0142\u0105cznie rozmiarem i wzornictwem, natomiast emitowane przez nie \u015bwiat\u0142o, posiada jednakowe cechy fizyczne i przynosi jednakowe korzy\u015bci i efekty lecznicze dla ludzkiego organizmu. Wszystkie urz\u0105dzenie do Terapii \u015awiat\u0142em BIOPTRON produkowane s\u0105 przez BIOPTRON AG w Szwajcarii. BIOPTRON AG to szwajcarska firma, kt\u00f3ra sta\u0142a si\u0119 cz\u0142onkiem Holdingu Zepter w po\u0142owie lat 90-tych. Lecznicze w\u0142a\u015bciwo\u015bci terapii \u015bwiat\u0142em to efekt wieloletnich bada\u0144 naukowych oraz wykorzystania potencja\u0142u, do\u015bwiadczenia i wiedzy specjalist\u00f3w pracuj\u0105cych dla Grupy Zepter. Wszystkie te elementy by\u0142y i nadal s\u0105 podstaw\u0105 w procesie produkcji Systemu Terapii \u015awiat\u0142em BIOPTRON. Pozostajemy do dyspozycji w razie jakichkolwiek w\u0105tpliwo\u015bci i konieczno\u015bci udzielenia dodatkowych informacji. \u00a0 Tel: 504\u00a0480\u00a0626 e-mail: sklep@medlight.pl Zapraszam do zapoznania si\u0119 z nasz\u0105 ofert\u0105 na stronach: https:\/\/sylwia.zepter.pl\u00a0 \u00a0 \u00a0 Jeste\u015bmy dost\u0119pni na portalach spo\u0142eczno\u015bciowych: Facebook\u00a0https:\/\/www.facebook.com\/ProduktyZepter Instagram\u00a0https:\/\/www.instagram.com\/produktyzepter.pl\/?hl=pl Tweter\u00a0https:\/\/twitter.com\/sylwiachochol YouTube\u00a0https:\/\/www.youtube.com\/channel\/UCPnILazJ-Dh3WV3fvG1S27g","og_url":"https:\/\/medlight.pl\/blog\/czy-jest-lampa-bioptron\/","og_site_name":"Przedstawiciel produkt\u00f3w Zepter \/ Bioptron - Gwarancja Niskich Cen","article_publisher":"https:\/\/www.facebook.com\/medlightpl-104577625396777","article_modified_time":"2024-03-09T14:40:35+00:00","twitter_card":"summary_large_image","twitter_site":"@sylwiachochol","twitter_misc":{"Szacowany czas czytania":"2 minuty"},"schema":{"@context":"https:\/\/schema.org","@graph":[{"@type":"WebPage","@id":"https:\/\/medlight.pl\/blog\/czy-jest-lampa-bioptron\/","url":"https:\/\/medlight.pl\/blog\/czy-jest-lampa-bioptron\/","name":"Czym jest Lampa Bioptron? - Przedstawiciel produkt\u00f3w Zepter \/ Bioptron - Gwarancja Niskich Cen Krak\u00f3w Olkusz Katowice Nowy S\u0105cz","isPartOf":{"@id":"https:\/\/medlight.pl\/blog\/#website"},"datePublished":"2018-03-08T09:52:30+00:00","dateModified":"2024-03-09T14:40:35+00:00","breadcrumb":{"@id":"https:\/\/medlight.pl\/blog\/czy-jest-lampa-bioptron\/#breadcrumb"},"inLanguage":"pl-PL","potentialAction":[{"@type":"ReadAction","target":["https:\/\/medlight.pl\/blog\/czy-jest-lampa-bioptron\/"]}]},{"@type":"BreadcrumbList","@id":"https:\/\/medlight.pl\/blog\/czy-jest-lampa-bioptron\/#breadcrumb","itemListElement":[{"@type":"ListItem","position":1,"name":"Strona g\u0142\u00f3wna","item":"https:\/\/medlight.pl\/blog\/"},{"@type":"ListItem","position":2,"name":"Czym jest Lampa Bioptron?"}]},{"@type":"WebSite","@id":"https:\/\/medlight.pl\/blog\/#website","url":"https:\/\/medlight.pl\/blog\/","name":"Przedstawiciel produkt\u00f3w Zepter \/ Bioptron - Gwarancja Niskich Cen","description":"Znajdziesz najwi\u0119cej informacji na temat produkt\u00f3w firmy Zepter \/ Bioptron","publisher":{"@id":"https:\/\/medlight.pl\/blog\/#organization"},"potentialAction":[{"@type":"SearchAction","target":{"@type":"EntryPoint","urlTemplate":"https:\/\/medlight.pl\/blog\/?s={search_term_string}"},"query-input":{"@type":"PropertyValueSpecification","valueRequired":true,"valueName":"search_term_string"}}],"inLanguage":"pl-PL"},{"@type":"Organization","@id":"https:\/\/medlight.pl\/blog\/#organization","name":"MEDLIGHT SYLWIA CHOCH\u00d3\u0141","alternateName":"MEDLIGHT SYLWIA CHOCH\u00d3\u0141","url":"https:\/\/medlight.pl\/blog\/","logo":{"@type":"ImageObject","inLanguage":"pl-PL","@id":"https:\/\/medlight.pl\/blog\/#\/schema\/logo\/image\/","url":"https:\/\/medlight.pl\/blog\/wp-content\/uploads\/2021\/01\/produktyzepter.pl-2.png","contentUrl":"https:\/\/medlight.pl\/blog\/wp-content\/uploads\/2021\/01\/produktyzepter.pl-2.png","width":500,"height":500,"caption":"MEDLIGHT SYLWIA CHOCH\u00d3\u0141"},"image":{"@id":"https:\/\/medlight.pl\/blog\/#\/schema\/logo\/image\/"},"sameAs":["https:\/\/www.facebook.com\/medlightpl-104577625396777","https:\/\/x.com\/sylwiachochol","https:\/\/www.instagram.com\/medlight.pl\/","https:\/\/www.linkedin.com\/in\/sylwia-choch\u00f3\u0142-31a75258\/","https:\/\/nl.pinterest.com\/sylwiachoch\/","https:\/\/www.youtube.com\/channel\/UCPnILazJ-Dh3WV3fvG1S27g"]}]}},"jetpack_sharing_enabled":true,"_links":{"self":[{"href":"https:\/\/medlight.pl\/blog\/wp-json\/wp\/v2\/pages\/18"}],"collection":[{"href":"https:\/\/medlight.pl\/blog\/wp-json\/wp\/v2\/pages"}],"about":[{"href":"https:\/\/medlight.pl\/blog\/wp-json\/wp\/v2\/types\/page"}],"author":[{"embeddable":true,"href":"https:\/\/medlight.pl\/blog\/wp-json\/wp\/v2\/users\/1"}],"replies":[{"embeddable":true,"href":"https:\/\/medlight.pl\/blog\/wp-json\/wp\/v2\/comments?post=18"}],"version-history":[{"count":8,"href":"https:\/\/medlight.pl\/blog\/wp-json\/wp\/v2\/pages\/18\/revisions"}],"predecessor-version":[{"id":3402,"href":"https:\/\/medlight.pl\/blog\/wp-json\/wp\/v2\/pages\/18\/revisions\/3402"}],"wp:attachment":[{"href":"https:\/\/medlight.pl\/blog\/wp-json\/wp\/v2\/media?parent=18"}],"curies":[{"name":"wp","href":"https:\/\/api.w.org\/{rel}","templated":true}]}}