{"id":1889,"date":"2020-05-22T20:25:46","date_gmt":"2020-05-22T18:25:46","guid":{"rendered":"https:\/\/medlight.pl\/blog\/?page_id=1889"},"modified":"2021-04-26T12:07:22","modified_gmt":"2021-04-26T10:07:22","slug":"przepisy","status":"publish","type":"page","link":"https:\/\/medlight.pl\/blog\/przepisy\/","title":{"rendered":"Przepisy"},"content":{"rendered":"\n\n\n<div class=\"wp-block-group\"><div class=\"wp-block-group__inner-container is-layout-flow wp-block-group-is-layout-flow\">\n<div class=\"wp-block-columns is-layout-flex wp-container-core-columns-is-layout-1 wp-block-columns-is-layout-flex\">\n<div class=\"wp-block-column is-layout-flow wp-block-column-is-layout-flow\">\n<figure class=\"wp-block-embed-youtube wp-block-embed is-type-video is-provider-youtube wp-embed-aspect-16-9 wp-has-aspect-ratio\"><div class=\"wp-block-embed__wrapper\">\n<iframe title=\"Gotowanie w piramidzie Zepter - Frytki na parze\" width=\"960\" height=\"540\" src=\"https:\/\/www.youtube.com\/embed\/_RkMYYc4RUU?feature=oembed\" frameborder=\"0\" allow=\"accelerometer; autoplay; clipboard-write; encrypted-media; gyroscope; picture-in-picture\" allowfullscreen><\/iframe>\n<\/div><\/figure>\n\n\n\n<div class=\"wp-block-group\"><div class=\"wp-block-group__inner-container is-layout-flow wp-block-group-is-layout-flow\">\n<figure class=\"wp-block-embed-youtube wp-block-embed is-type-video is-provider-youtube wp-embed-aspect-16-9 wp-has-aspect-ratio\"><div class=\"wp-block-embed__wrapper\">\n<iframe title=\"Zapiekanka makaronowa w patelni Zepter\" width=\"960\" height=\"540\" src=\"https:\/\/www.youtube.com\/embed\/zA_qKMwHR_Y?feature=oembed\" frameborder=\"0\" allow=\"accelerometer; autoplay; clipboard-write; encrypted-media; gyroscope; picture-in-picture\" allowfullscreen><\/iframe>\n<\/div><\/figure>\n<\/div><\/div>\n<\/div>\n\n\n\n<div class=\"wp-block-column is-layout-flow wp-block-column-is-layout-flow\">\n<figure class=\"wp-block-embed-youtube wp-block-embed is-type-video is-provider-youtube wp-embed-aspect-16-9 wp-has-aspect-ratio\"><div class=\"wp-block-embed__wrapper\">\n<iframe title=\"Szybka zupa dla zapracowanych.\" width=\"960\" height=\"540\" src=\"https:\/\/www.youtube.com\/embed\/SFhdo4qo4OY?feature=oembed\" frameborder=\"0\" allow=\"accelerometer; autoplay; clipboard-write; encrypted-media; gyroscope; picture-in-picture\" allowfullscreen><\/iframe>\n<\/div><\/figure>\n<\/div>\n\n\n\n<div class=\"wp-block-column is-layout-flow wp-block-column-is-layout-flow\">\n<figure class=\"wp-block-embed-youtube wp-block-embed is-type-video is-provider-youtube wp-embed-aspect-16-9 wp-has-aspect-ratio\"><div class=\"wp-block-embed__wrapper\">\n<iframe title=\"\u0141azanki w szybkowarze.\" width=\"960\" height=\"540\" src=\"https:\/\/www.youtube.com\/embed\/uAaHwN-EKCI?feature=oembed\" frameborder=\"0\" allow=\"accelerometer; autoplay; clipboard-write; encrypted-media; gyroscope; picture-in-picture\" allowfullscreen><\/iframe>\n<\/div><\/figure>\n<\/div>\n<\/div>\n\n\n\n<div class=\"wp-block-group is-layout-flow wp-block-group-is-layout-flow\"><div class=\"wp-block-group__inner-container\"><\/div><\/div>\n\n\n\n<div class=\"wp-block-group is-layout-flow wp-block-group-is-layout-flow\"><div class=\"wp-block-group__inner-container\"><\/div><\/div>\n<\/div><\/div>\n\n\n\n<div class=\"wp-block-image\"><figure class=\"aligncenter\"><img fetchpriority=\"high\" decoding=\"async\" width=\"1024\" height=\"564\" src=\"https:\/\/medlight.pl\/blog\/wp-content\/uploads\/2020\/05\/Zrzut-ekranu-356-1024x564.png\" alt=\"\" class=\"wp-image-1896\" srcset=\"https:\/\/medlight.pl\/blog\/wp-content\/uploads\/2020\/05\/Zrzut-ekranu-356-1024x564.png 1024w, https:\/\/medlight.pl\/blog\/wp-content\/uploads\/2020\/05\/Zrzut-ekranu-356-300x165.png 300w, https:\/\/medlight.pl\/blog\/wp-content\/uploads\/2020\/05\/Zrzut-ekranu-356-768x423.png 768w, https:\/\/medlight.pl\/blog\/wp-content\/uploads\/2020\/05\/Zrzut-ekranu-356-1140x627.png 1140w, https:\/\/medlight.pl\/blog\/wp-content\/uploads\/2020\/05\/Zrzut-ekranu-356.png 1361w\" sizes=\"(max-width: 1024px) 100vw, 1024px\" \/><figcaption> <br>Sernik na ciep\u0142o w patelni kr\u00f3lewskiej &#8211; <a href=\"https:\/\/medlight.pl\/naczynia-zepter\/64-naczynie-50-l-srednica-28cm-wys-9-cm-krolewskie-zepter.html\">Link<\/a> <\/figcaption><\/figure><\/div>\n\n\n\n<div class=\"wp-block-image\"><figure class=\"aligncenter size-large\"><img decoding=\"async\" width=\"960\" height=\"723\" src=\"https:\/\/medlight.pl\/blog\/wp-content\/uploads\/2021\/01\/7041727_orig.jpg\" alt=\"\" class=\"wp-image-2760\" srcset=\"https:\/\/medlight.pl\/blog\/wp-content\/uploads\/2021\/01\/7041727_orig.jpg 960w, https:\/\/medlight.pl\/blog\/wp-content\/uploads\/2021\/01\/7041727_orig-300x226.jpg 300w, https:\/\/medlight.pl\/blog\/wp-content\/uploads\/2021\/01\/7041727_orig-768x578.jpg 768w\" sizes=\"(max-width: 960px) 100vw, 960px\" \/><figcaption>Jajko sadzone w patelni Zepter URA &#8211; <a href=\"https:\/\/medlight.pl\/25-naczynia-zepter#\/kategoria-patelnie\" target=\"_blank\" rel=\"noreferrer noopener\">Link<\/a><\/figcaption><\/figure><\/div>\n\n\n\n<div class=\"wp-block-image\"><figure class=\"aligncenter\"><img decoding=\"async\" width=\"1024\" height=\"575\" src=\"https:\/\/medlight.pl\/blog\/wp-content\/uploads\/2020\/05\/Zrzut-ekranu-332-1024x575.png\" alt=\"\" class=\"wp-image-1900\" srcset=\"https:\/\/medlight.pl\/blog\/wp-content\/uploads\/2020\/05\/Zrzut-ekranu-332-1024x575.png 1024w, https:\/\/medlight.pl\/blog\/wp-content\/uploads\/2020\/05\/Zrzut-ekranu-332-300x169.png 300w, https:\/\/medlight.pl\/blog\/wp-content\/uploads\/2020\/05\/Zrzut-ekranu-332-768x431.png 768w, https:\/\/medlight.pl\/blog\/wp-content\/uploads\/2020\/05\/Zrzut-ekranu-332-1140x640.png 1140w, https:\/\/medlight.pl\/blog\/wp-content\/uploads\/2020\/05\/Zrzut-ekranu-332.png 1369w\" sizes=\"(max-width: 1024px) 100vw, 1024px\" \/><figcaption>Szarlotka w patelni kr\u00f3lewskiej &#8211; <a href=\"https:\/\/medlight.pl\/naczynia-zepter\/64-naczynie-50-l-srednica-28cm-wys-9-cm-krolewskie-zepter.html\">Link<\/a><\/figcaption><\/figure><\/div>\n\n\n\n<div class=\"wp-block-image\"><figure class=\"aligncenter\"><img loading=\"lazy\" decoding=\"async\" width=\"660\" height=\"989\" src=\"https:\/\/medlight.pl\/blog\/wp-content\/uploads\/2020\/05\/Zrzut-ekranu-368.png\" alt=\"\" class=\"wp-image-1902\" srcset=\"https:\/\/medlight.pl\/blog\/wp-content\/uploads\/2020\/05\/Zrzut-ekranu-368.png 660w, https:\/\/medlight.pl\/blog\/wp-content\/uploads\/2020\/05\/Zrzut-ekranu-368-200x300.png 200w\" sizes=\"(max-width: 660px) 100vw, 660px\" \/><\/figure><\/div>\n\n\n\n<div class=\"wp-block-image\"><figure class=\"aligncenter\"><img loading=\"lazy\" decoding=\"async\" width=\"651\" height=\"983\" src=\"https:\/\/medlight.pl\/blog\/wp-content\/uploads\/2020\/05\/Zrzut-ekranu-369.png\" alt=\"\" class=\"wp-image-1903\" srcset=\"https:\/\/medlight.pl\/blog\/wp-content\/uploads\/2020\/05\/Zrzut-ekranu-369.png 651w, https:\/\/medlight.pl\/blog\/wp-content\/uploads\/2020\/05\/Zrzut-ekranu-369-199x300.png 199w\" sizes=\"(max-width: 651px) 100vw, 651px\" \/><\/figure><\/div>\n\n\n\n\n\n\n\n<figure class=\"wp-block-gallery columns-2 is-cropped wp-block-gallery-1 is-layout-flex wp-block-gallery-is-layout-flex\"><ul class=\"blocks-gallery-grid\"><li class=\"blocks-gallery-item\"><figure><img loading=\"lazy\" decoding=\"async\" width=\"582\" height=\"585\" src=\"https:\/\/medlight.pl\/blog\/wp-content\/uploads\/2021\/01\/ksiazka-z-przepisami-zepter.png\" alt=\"\" data-id=\"2763\" data-full-url=\"https:\/\/medlight.pl\/blog\/wp-content\/uploads\/2021\/01\/ksiazka-z-przepisami-zepter.png\" data-link=\"https:\/\/medlight.pl\/blog\/przepisy\/attachment\/ksiazka-z-przepisami-zepter\/\" class=\"wp-image-2763\" srcset=\"https:\/\/medlight.pl\/blog\/wp-content\/uploads\/2021\/01\/ksiazka-z-przepisami-zepter.png 582w, https:\/\/medlight.pl\/blog\/wp-content\/uploads\/2021\/01\/ksiazka-z-przepisami-zepter-298x300.png 298w, https:\/\/medlight.pl\/blog\/wp-content\/uploads\/2021\/01\/ksiazka-z-przepisami-zepter-150x150.png 150w, https:\/\/medlight.pl\/blog\/wp-content\/uploads\/2021\/01\/ksiazka-z-przepisami-zepter-75x75.png 75w\" sizes=\"(max-width: 582px) 100vw, 582px\" \/><\/figure><\/li><li class=\"blocks-gallery-item\"><figure><img loading=\"lazy\" decoding=\"async\" width=\"581\" height=\"533\" src=\"https:\/\/medlight.pl\/blog\/wp-content\/uploads\/2021\/01\/smakosz.png\" alt=\"\" data-id=\"2762\" data-full-url=\"https:\/\/medlight.pl\/blog\/wp-content\/uploads\/2021\/01\/smakosz.png\" data-link=\"https:\/\/medlight.pl\/blog\/przepisy\/attachment\/smakosz\/\" class=\"wp-image-2762\" srcset=\"https:\/\/medlight.pl\/blog\/wp-content\/uploads\/2021\/01\/smakosz.png 581w, https:\/\/medlight.pl\/blog\/wp-content\/uploads\/2021\/01\/smakosz-300x275.png 300w\" sizes=\"(max-width: 581px) 100vw, 581px\" \/><\/figure><\/li><\/ul><figcaption class=\"blocks-gallery-caption\">Ksi\u0105\u017cka kucharska z przepisami do naczy\u0144 Zepter &#8211; <a href=\"https:\/\/medlight.pl\/akcesoria\/284-ksiazka-o-gotowaniu-w-systemie-zepter.html\" target=\"_blank\" rel=\"noreferrer noopener\">Link<\/a><\/figcaption><\/figure>\n\n\n\n<div class=\"wp-block-image\"><figure class=\"aligncenter is-resized\"><img loading=\"lazy\" decoding=\"async\" src=\"https:\/\/medlight.pl\/blog\/wp-content\/uploads\/2020\/05\/Bez-nazwy-1024x571.png\" alt=\"\" class=\"wp-image-1895\" width=\"573\" height=\"318\" srcset=\"https:\/\/medlight.pl\/blog\/wp-content\/uploads\/2020\/05\/Bez-nazwy-300x167.png 300w, https:\/\/medlight.pl\/blog\/wp-content\/uploads\/2020\/05\/Bez-nazwy-768x428.png 768w, https:\/\/medlight.pl\/blog\/wp-content\/uploads\/2020\/05\/Bez-nazwy.png 1329w\" sizes=\"(max-width: 573px) 100vw, 573px\" \/><\/figure><\/div>\n\n\n\n<div style=\"background-color:#F39C12;padding:20px\" class=\"wp-block-tnp-minimal\"><p>Subscribe to our newsletter!<\/p><div><div class=\"tnp tnp-subscription-minimal  \"><form action=\"https:\/\/medlight.pl\/blog\/wp-admin\/admin-ajax.php?action=tnp&amp;na=s\" method=\"post\" style=\"text-align: center\"><input type=\"hidden\" name=\"nr\" value=\"minimal\">\n<input type=\"hidden\" name=\"nlang\" value=\"\">\n<input class=\"tnp-email\" type=\"email\" required name=\"ne\" value=\"\" placeholder=\"Tutaj wpisz sw\u00f3j e-mail\"><input class=\"tnp-submit\" type=\"submit\" value=\"Zapisz si\u0119\" style=\"background-color:undefined;\">\n<div class=\"tnp-field tnp-privacy-field\"><label><input type=\"checkbox\" name=\"ny\" required class=\"tnp-privacy\"> <a target=\"_blank\" href=\"https:\/\/medlight.pl\/content\/8-polityka-prywatnosci\">Akceptuj\u0119 polityk\u0119 prywatno\u015bci<\/a><\/label><\/div><\/form><\/div>\n<\/div><\/div>\n\n\n","protected":false},"excerpt":{"rendered":"","protected":false},"author":1,"featured_media":2762,"parent":0,"menu_order":0,"comment_status":"closed","ping_status":"closed","template":"","meta":{"_monsterinsights_skip_tracking":false,"_monsterinsights_sitenote_active":false,"_monsterinsights_sitenote_note":"","_monsterinsights_sitenote_category":0,"footnotes":""},"class_list":["post-1889","page","type-page","status-publish","has-post-thumbnail","hentry"],"yoast_head":"<!-- This site is optimized with the Yoast SEO plugin v25.3 - https:\/\/yoast.com\/wordpress\/plugins\/seo\/ -->\n<title>Przepisy - Przedstawiciel produkt\u00f3w Zepter \/ Bioptron - Gwarancja Niskich Cen<\/title>\n<meta name=\"robots\" content=\"index, follow, max-snippet:-1, max-image-preview:large, max-video-preview:-1\" \/>\n<link rel=\"canonical\" href=\"https:\/\/medlight.pl\/blog\/przepisy\/\" \/>\n<meta property=\"og:locale\" content=\"pl_PL\" \/>\n<meta property=\"og:type\" content=\"article\" \/>\n<meta property=\"og:title\" content=\"Przepisy - Przedstawiciel produkt\u00f3w Zepter \/ Bioptron - Gwarancja Niskich Cen\" \/>\n<meta property=\"og:url\" content=\"https:\/\/medlight.pl\/blog\/przepisy\/\" \/>\n<meta property=\"og:site_name\" content=\"Przedstawiciel produkt\u00f3w Zepter \/ Bioptron - Gwarancja Niskich Cen\" \/>\n<meta property=\"article:publisher\" content=\"https:\/\/www.facebook.com\/medlightpl-104577625396777\" \/>\n<meta property=\"article:modified_time\" content=\"2021-04-26T10:07:22+00:00\" \/>\n<meta property=\"og:image\" content=\"https:\/\/medlight.pl\/blog\/wp-content\/uploads\/2021\/01\/smakosz.png\" \/>\n\t<meta property=\"og:image:width\" content=\"581\" \/>\n\t<meta property=\"og:image:height\" content=\"533\" \/>\n\t<meta property=\"og:image:type\" content=\"image\/png\" \/>\n<meta name=\"twitter:card\" content=\"summary_large_image\" \/>\n<meta name=\"twitter:site\" content=\"@sylwiachochol\" \/>\n<meta name=\"twitter:label1\" content=\"Szacowany czas czytania\" \/>\n\t<meta name=\"twitter:data1\" content=\"2 minuty\" \/>\n<script type=\"application\/ld+json\" class=\"yoast-schema-graph\">{\"@context\":\"https:\/\/schema.org\",\"@graph\":[{\"@type\":\"WebPage\",\"@id\":\"https:\/\/medlight.pl\/blog\/przepisy\/\",\"url\":\"https:\/\/medlight.pl\/blog\/przepisy\/\",\"name\":\"Przepisy - Przedstawiciel produkt\u00f3w Zepter \/ Bioptron - Gwarancja Niskich Cen\",\"isPartOf\":{\"@id\":\"https:\/\/medlight.pl\/blog\/#website\"},\"primaryImageOfPage\":{\"@id\":\"https:\/\/medlight.pl\/blog\/przepisy\/#primaryimage\"},\"image\":{\"@id\":\"https:\/\/medlight.pl\/blog\/przepisy\/#primaryimage\"},\"thumbnailUrl\":\"https:\/\/medlight.pl\/blog\/wp-content\/uploads\/2021\/01\/smakosz.png\",\"datePublished\":\"2020-05-22T18:25:46+00:00\",\"dateModified\":\"2021-04-26T10:07:22+00:00\",\"breadcrumb\":{\"@id\":\"https:\/\/medlight.pl\/blog\/przepisy\/#breadcrumb\"},\"inLanguage\":\"pl-PL\",\"potentialAction\":[{\"@type\":\"ReadAction\",\"target\":[\"https:\/\/medlight.pl\/blog\/przepisy\/\"]}]},{\"@type\":\"ImageObject\",\"inLanguage\":\"pl-PL\",\"@id\":\"https:\/\/medlight.pl\/blog\/przepisy\/#primaryimage\",\"url\":\"https:\/\/medlight.pl\/blog\/wp-content\/uploads\/2021\/01\/smakosz.png\",\"contentUrl\":\"https:\/\/medlight.pl\/blog\/wp-content\/uploads\/2021\/01\/smakosz.png\",\"width\":581,\"height\":533},{\"@type\":\"BreadcrumbList\",\"@id\":\"https:\/\/medlight.pl\/blog\/przepisy\/#breadcrumb\",\"itemListElement\":[{\"@type\":\"ListItem\",\"position\":1,\"name\":\"Strona g\u0142\u00f3wna\",\"item\":\"https:\/\/medlight.pl\/blog\/\"},{\"@type\":\"ListItem\",\"position\":2,\"name\":\"Przepisy\"}]},{\"@type\":\"WebSite\",\"@id\":\"https:\/\/medlight.pl\/blog\/#website\",\"url\":\"https:\/\/medlight.pl\/blog\/\",\"name\":\"Przedstawiciel produkt\u00f3w Zepter \/ Bioptron - Gwarancja Niskich Cen\",\"description\":\"Znajdziesz najwi\u0119cej informacji na temat produkt\u00f3w firmy Zepter \/ Bioptron\",\"publisher\":{\"@id\":\"https:\/\/medlight.pl\/blog\/#organization\"},\"potentialAction\":[{\"@type\":\"SearchAction\",\"target\":{\"@type\":\"EntryPoint\",\"urlTemplate\":\"https:\/\/medlight.pl\/blog\/?s={search_term_string}\"},\"query-input\":{\"@type\":\"PropertyValueSpecification\",\"valueRequired\":true,\"valueName\":\"search_term_string\"}}],\"inLanguage\":\"pl-PL\"},{\"@type\":\"Organization\",\"@id\":\"https:\/\/medlight.pl\/blog\/#organization\",\"name\":\"MEDLIGHT SYLWIA CHOCH\u00d3\u0141\",\"alternateName\":\"MEDLIGHT SYLWIA CHOCH\u00d3\u0141\",\"url\":\"https:\/\/medlight.pl\/blog\/\",\"logo\":{\"@type\":\"ImageObject\",\"inLanguage\":\"pl-PL\",\"@id\":\"https:\/\/medlight.pl\/blog\/#\/schema\/logo\/image\/\",\"url\":\"https:\/\/medlight.pl\/blog\/wp-content\/uploads\/2021\/01\/produktyzepter.pl-2.png\",\"contentUrl\":\"https:\/\/medlight.pl\/blog\/wp-content\/uploads\/2021\/01\/produktyzepter.pl-2.png\",\"width\":500,\"height\":500,\"caption\":\"MEDLIGHT SYLWIA CHOCH\u00d3\u0141\"},\"image\":{\"@id\":\"https:\/\/medlight.pl\/blog\/#\/schema\/logo\/image\/\"},\"sameAs\":[\"https:\/\/www.facebook.com\/medlightpl-104577625396777\",\"https:\/\/x.com\/sylwiachochol\",\"https:\/\/www.instagram.com\/medlight.pl\/\",\"https:\/\/www.linkedin.com\/in\/sylwia-choch\u00f3\u0142-31a75258\/\",\"https:\/\/nl.pinterest.com\/sylwiachoch\/\",\"https:\/\/www.youtube.com\/channel\/UCPnILazJ-Dh3WV3fvG1S27g\"]}]}<\/script>\n<!-- \/ Yoast SEO plugin. -->","yoast_head_json":{"title":"Przepisy - Przedstawiciel produkt\u00f3w Zepter \/ Bioptron - Gwarancja Niskich Cen","robots":{"index":"index","follow":"follow","max-snippet":"max-snippet:-1","max-image-preview":"max-image-preview:large","max-video-preview":"max-video-preview:-1"},"canonical":"https:\/\/medlight.pl\/blog\/przepisy\/","og_locale":"pl_PL","og_type":"article","og_title":"Przepisy - Przedstawiciel produkt\u00f3w Zepter \/ Bioptron - Gwarancja Niskich Cen","og_url":"https:\/\/medlight.pl\/blog\/przepisy\/","og_site_name":"Przedstawiciel produkt\u00f3w Zepter \/ Bioptron - Gwarancja Niskich Cen","article_publisher":"https:\/\/www.facebook.com\/medlightpl-104577625396777","article_modified_time":"2021-04-26T10:07:22+00:00","og_image":[{"width":581,"height":533,"url":"https:\/\/medlight.pl\/blog\/wp-content\/uploads\/2021\/01\/smakosz.png","type":"image\/png"}],"twitter_card":"summary_large_image","twitter_site":"@sylwiachochol","twitter_misc":{"Szacowany czas czytania":"2 minuty"},"schema":{"@context":"https:\/\/schema.org","@graph":[{"@type":"WebPage","@id":"https:\/\/medlight.pl\/blog\/przepisy\/","url":"https:\/\/medlight.pl\/blog\/przepisy\/","name":"Przepisy - Przedstawiciel produkt\u00f3w Zepter \/ Bioptron - Gwarancja Niskich Cen","isPartOf":{"@id":"https:\/\/medlight.pl\/blog\/#website"},"primaryImageOfPage":{"@id":"https:\/\/medlight.pl\/blog\/przepisy\/#primaryimage"},"image":{"@id":"https:\/\/medlight.pl\/blog\/przepisy\/#primaryimage"},"thumbnailUrl":"https:\/\/medlight.pl\/blog\/wp-content\/uploads\/2021\/01\/smakosz.png","datePublished":"2020-05-22T18:25:46+00:00","dateModified":"2021-04-26T10:07:22+00:00","breadcrumb":{"@id":"https:\/\/medlight.pl\/blog\/przepisy\/#breadcrumb"},"inLanguage":"pl-PL","potentialAction":[{"@type":"ReadAction","target":["https:\/\/medlight.pl\/blog\/przepisy\/"]}]},{"@type":"ImageObject","inLanguage":"pl-PL","@id":"https:\/\/medlight.pl\/blog\/przepisy\/#primaryimage","url":"https:\/\/medlight.pl\/blog\/wp-content\/uploads\/2021\/01\/smakosz.png","contentUrl":"https:\/\/medlight.pl\/blog\/wp-content\/uploads\/2021\/01\/smakosz.png","width":581,"height":533},{"@type":"BreadcrumbList","@id":"https:\/\/medlight.pl\/blog\/przepisy\/#breadcrumb","itemListElement":[{"@type":"ListItem","position":1,"name":"Strona g\u0142\u00f3wna","item":"https:\/\/medlight.pl\/blog\/"},{"@type":"ListItem","position":2,"name":"Przepisy"}]},{"@type":"WebSite","@id":"https:\/\/medlight.pl\/blog\/#website","url":"https:\/\/medlight.pl\/blog\/","name":"Przedstawiciel produkt\u00f3w Zepter \/ Bioptron - Gwarancja Niskich Cen","description":"Znajdziesz najwi\u0119cej informacji na temat produkt\u00f3w firmy Zepter \/ Bioptron","publisher":{"@id":"https:\/\/medlight.pl\/blog\/#organization"},"potentialAction":[{"@type":"SearchAction","target":{"@type":"EntryPoint","urlTemplate":"https:\/\/medlight.pl\/blog\/?s={search_term_string}"},"query-input":{"@type":"PropertyValueSpecification","valueRequired":true,"valueName":"search_term_string"}}],"inLanguage":"pl-PL"},{"@type":"Organization","@id":"https:\/\/medlight.pl\/blog\/#organization","name":"MEDLIGHT SYLWIA CHOCH\u00d3\u0141","alternateName":"MEDLIGHT SYLWIA CHOCH\u00d3\u0141","url":"https:\/\/medlight.pl\/blog\/","logo":{"@type":"ImageObject","inLanguage":"pl-PL","@id":"https:\/\/medlight.pl\/blog\/#\/schema\/logo\/image\/","url":"https:\/\/medlight.pl\/blog\/wp-content\/uploads\/2021\/01\/produktyzepter.pl-2.png","contentUrl":"https:\/\/medlight.pl\/blog\/wp-content\/uploads\/2021\/01\/produktyzepter.pl-2.png","width":500,"height":500,"caption":"MEDLIGHT SYLWIA CHOCH\u00d3\u0141"},"image":{"@id":"https:\/\/medlight.pl\/blog\/#\/schema\/logo\/image\/"},"sameAs":["https:\/\/www.facebook.com\/medlightpl-104577625396777","https:\/\/x.com\/sylwiachochol","https:\/\/www.instagram.com\/medlight.pl\/","https:\/\/www.linkedin.com\/in\/sylwia-choch\u00f3\u0142-31a75258\/","https:\/\/nl.pinterest.com\/sylwiachoch\/","https:\/\/www.youtube.com\/channel\/UCPnILazJ-Dh3WV3fvG1S27g"]}]}},"jetpack_sharing_enabled":true,"_links":{"self":[{"href":"https:\/\/medlight.pl\/blog\/wp-json\/wp\/v2\/pages\/1889"}],"collection":[{"href":"https:\/\/medlight.pl\/blog\/wp-json\/wp\/v2\/pages"}],"about":[{"href":"https:\/\/medlight.pl\/blog\/wp-json\/wp\/v2\/types\/page"}],"author":[{"embeddable":true,"href":"https:\/\/medlight.pl\/blog\/wp-json\/wp\/v2\/users\/1"}],"replies":[{"embeddable":true,"href":"https:\/\/medlight.pl\/blog\/wp-json\/wp\/v2\/comments?post=1889"}],"version-history":[{"count":13,"href":"https:\/\/medlight.pl\/blog\/wp-json\/wp\/v2\/pages\/1889\/revisions"}],"predecessor-version":[{"id":2963,"href":"https:\/\/medlight.pl\/blog\/wp-json\/wp\/v2\/pages\/1889\/revisions\/2963"}],"wp:featuredmedia":[{"embeddable":true,"href":"https:\/\/medlight.pl\/blog\/wp-json\/wp\/v2\/media\/2762"}],"wp:attachment":[{"href":"https:\/\/medlight.pl\/blog\/wp-json\/wp\/v2\/media?parent=1889"}],"curies":[{"name":"wp","href":"https:\/\/api.w.org\/{rel}","templated":true}]}}