{"id":2,"date":"2018-02-24T12:24:03","date_gmt":"2018-02-24T12:24:03","guid":{"rendered":"http:\/\/medlight.pl\/blog\/?page_id=2"},"modified":"2024-03-09T15:43:42","modified_gmt":"2024-03-09T14:43:42","slug":"about","status":"publish","type":"page","link":"https:\/\/medlight.pl\/blog\/about\/","title":{"rendered":"O mnie"},"content":{"rendered":"<div class=\"wp-block-image\"><figure class=\"aligncenter size-large is-resized\"><a href=\"tel:504480626\"><img fetchpriority=\"high\" decoding=\"async\" src=\"https:\/\/medlight.pl\/img\/cms\/atomizer\/Bez%20tytu%C5%82u.jpg\" alt=\"\" width=\"463\" height=\"478\"\/><\/a><\/figure><\/div><h3>Mam na imi\u0119 Sylwia Choch\u00f3\u0142 (panie\u0144skie \u015aliwa).<\/h3><h4>Prac\u0119 w firmie Zepter podj\u0119\u0142am jako studentka i okaza\u0142o si\u0119, \u017ce praca ta sta\u0142a si\u0119 moj\u0105 pasj\u0105 na \u017cycie. Lubi\u0119 pomaga\u0107 ludziom i zawsze doradzam wed\u0142ug ich potrzeb.<\/h4><h4>Od wielu lat jestem <strong>certyfikowanym<\/strong> przedstawicielem urz\u0105dze\u0144 medycznych Bioptron oraz produkt\u00f3w firmy Zepter. Ci\u0105gle ucz\u0119szczam na kursy i szkolenia w celu podnoszenia w\u0142asnych do\u015bwiadcze\u0144 i kwalifikacji.<\/h4><p>     <\/p><div style=\"height:100px\" aria-hidden=\"true\" class=\"wp-block-spacer\"><\/div><p>  <\/p><h4>Opr\u00f3cz sprzeda\u017cy takich produkt\u00f3w jak lampy <a href=\"https:\/\/medlight.pl\/7-lampy-bioptron\" target=\"_blank\" rel=\"noopener\">Bioptron<\/a>, lampy <a href=\"https:\/\/medlight.pl\/5-lampy-medolight\" target=\"_blank\" rel=\"noopener\">Medolight<\/a>, <a href=\"https:\/\/medlight.pl\/8-filtry-bioptron\" target=\"_blank\" rel=\"noopener\">filtry do koloroterapii<\/a> czy inne <a href=\"https:\/\/medlight.pl\/produkty-kosmetyczne\/20-urzadzenie-do-elektroakupunktury-elektroakupunkter.html\" target=\"_blank\" rel=\"noopener\">produkty medyczne<\/a>, zajmuj\u0119 si\u0119 r\u00f3wnie\u017c prezentacjami domowymi oraz bezp\u0142atnymi zabiegami leczniczo liftinguj\u0105cymi. Je\u015bli masz ochot\u0119 um\u00f3wi\u0107 si\u0119 na taki bezp\u0142atny zabieg kosmetyczny to serdecznie zapraszam do kontaktu telefonicznego w celu ustalenia miejsca, daty, ilo\u015bci oso\u00f3b.<\/h4><div style=\"height:100px\" aria-hidden=\"true\" class=\"wp-block-spacer\"><\/div><p>    <\/p><p> <\/p><h5 class=\"wp-block-heading\">Najcz\u0119\u015bciej dzia\u0142am na terenie okolic: Katowice, Olkusz, Krak\u00f3w, Nowy S\u0105cz, Tarn\u00f3w, Nowy Targ, Zakopane.<\/h5><h5 class=\"wp-block-heading\"><strong>W razie potrzeby ca\u0142a Polska.&nbsp;W przypadku innych miejscowo\u015bci prosz\u0119 o kontakt telefoniczny.<\/strong><\/h5><div style=\"height:100px\" aria-hidden=\"true\" class=\"wp-block-spacer\"><\/div><h4>Zajmuj\u0119 si\u0119 r\u00f3wnie\u017c bezp\u0142atnymi <strong>przegl\u0105dami<\/strong> lub <strong>serwisem<\/strong> <strong>Lamp BIOPTRON<\/strong> oraz innych <strong>produkt\u00f3w Zepter<\/strong>. Chcesz wypr\u00f3bowa\u0107 Lamp\u0119 BIOPTRON &#8211; po prostu zadzwo\u0144 i zapytaj o tak\u0105 mo\u017cliwo\u015b\u0107.<\/h4><p>   <\/p><div style=\"height:100px\" aria-hidden=\"true\" class=\"wp-block-spacer\"><\/div><p>  <\/p><h4 class=\"has-text-align-center\"><strong>Zakup Lampy BIOPTRON to wa\u017cna decyzja, dlatego mo\u017cliwo\u015b\u0107 wypr\u00f3bowania pozwoli Pa\u0144stwu podj\u0105\u0107 w\u0142a\u015bciw\u0105 decyzj\u0119.<\/strong><\/h4><h3 class=\"has-text-align-center wp-block-heading\"><strong><figure>Oficjalny sklep Przedstawiciela Produkt\u00f3w Zepter i Lampy Bioptron <strong style=\"color: inherit; font-size: 1.56em;\"><a href=\"https:\/\/medlight.pl\/23-leczenie-swiatlem\" target=\"_blank\" rel=\"noopener\">medlight.pl<\/a><\/strong><\/figure><\/strong><\/h3><p>&nbsp; &nbsp;<\/p><h4>Na przestrzeni lat sprzeda\u0142am setki produkt\u00f3w firmy Bioptron wielu osobom z r\u00f3\u017cnymi dolegliwo\u015bciam.<\/h4>\n<h4>Moimi klientami byli mi\u0119dzy innymi:<\/h4><ul>\n<li>\n<h5><strong>sportowcy<\/strong><\/h5>\n<\/li>\n<li>\n<h5><strong>aktorzy<\/strong><\/h5>\n<\/li>\n<li>\n<h5><strong>osoby po wypadkach<\/strong><\/h5>\n<\/li>\n<li>\n<h5><strong>osoby z przewlek\u0142ymi chorobami<\/strong><\/h5>\n<\/li>\n<li>\n<h5><strong>oraz osoby takie jak Ty lub ja<\/strong><\/h5>\n<\/li>\n<\/ul><h4>a tak\u017ce wielu prywatnym plac\u00f3wkom takim jak:<\/h4><ul>\n<li>\n<h5><strong>gabinety kosmetyczne<\/strong><\/h5>\n<\/li>\n<li>\n<h5><strong>gabinety rehabilitacyjne<\/strong><\/h5>\n<\/li>\n<li>\n<h5><strong>szpitale, przychodnie<\/strong><\/h5>\n<\/li>\n<\/ul><h4>Do dzi\u015b otrzymuj\u0119 od swoich klient\u00f3w wyrazy podzi\u0119kowania za \u017cyczliwo\u015b\u0107 oraz pomoc podczas korzystania z zakupionych przez nich produkt\u00f3w. Zawsze ch\u0119tnie pomog\u0119 w razie jakichkolwiek problem\u00f3w. Ka\u017cdego klienta traktuj\u0119 w indywidualny spos\u00f3b, nieszablonowo.<\/h4><p>  <\/p><hr class=\"wp-block-separator has-alpha-channel-opacity\"\/><p> <\/p><h3 class=\"wp-block-heading\">Zapraszam do mojego sklepu:<br><strong><figure><img decoding=\"async\" width=\"86\" height=\"40\" align=\"middle\" class=\"alignnone wp-image-265 size-full\" src=\"https:\/\/medlight.pl\/blog\/wp-content\/uploads\/2018\/03\/1234-100x100.jpg\" alt=\"\">  <strong style=\"color: inherit; font-size: 1.56em;\"><a rel=\"noopener\" href=\"https:\/\/medlight.pl\/23-leczenie-swiatlem\" target=\"_blank\">medlight.pl<\/a><\/strong><\/figure><\/strong><\/h3><h3 class=\"has-text-align-center wp-block-heading\"><strong>Wystarczy si\u0119 <\/strong>zarejestrowa\u0107<strong> w naszym sklepie, aby otrzyma\u0107<\/strong> RABATY <strong>na pierwsze i kolejne zakupy<\/strong> <strong>na asortyment, tj. Lampy BIOPTRON oraz inne produkty Zepter !!!!<\/strong><\/h3><p class=\"has-text-align-center\">oraz<\/p><h4 class=\"has-text-align-center wp-block-heading\">Zach\u0119cam Pa\u0144stwa do kontaktu telefonicznego:<\/h4><h3 class=\"has-text-align-center wp-block-heading\"><strong><a href=\"tel:504480626\">504 480 626<\/a><\/strong><\/h3><hr class=\"wp-block-separator has-css-opacity\"\/>","protected":false},"excerpt":{"rendered":"<p>Mam na imi\u0119 Sylwia Choch\u00f3\u0142 (panie\u0144skie \u015aliwa). Prac\u0119 w firmie Zepter podj\u0119\u0142am jako studentka i okaza\u0142o si\u0119, \u017ce praca ta sta\u0142a si\u0119 moj\u0105 pasj\u0105 na \u017cycie. Lubi\u0119 pomaga\u0107 ludziom i zawsze doradzam wed\u0142ug ich potrzeb. Od wielu lat jestem certyfikowanym przedstawicielem urz\u0105dze\u0144 medycznych Bioptron oraz produkt\u00f3w firmy Zepter. Ci\u0105gle ucz\u0119szczam na kursy i szkolenia w celu podnoszenia w\u0142asnych do\u015bwiadcze\u0144 i kwalifikacji. Opr\u00f3cz sprzeda\u017cy takich produkt\u00f3w jak lampy Bioptron, lampy Medolight, filtry do koloroterapii czy inne produkty medyczne, zajmuj\u0119 si\u0119 r\u00f3wnie\u017c prezentacjami domowymi oraz bezp\u0142atnymi zabiegami leczniczo liftinguj\u0105cymi. Je\u015bli masz ochot\u0119 um\u00f3wi\u0107 si\u0119 na taki bezp\u0142atny zabieg kosmetyczny to serdecznie zapraszam do kontaktu telefonicznego w celu ustalenia miejsca, daty, ilo\u015bci oso\u00f3b. Najcz\u0119\u015bciej dzia\u0142am na terenie okolic: Katowice, Olkusz, Krak\u00f3w, Nowy S\u0105cz, Tarn\u00f3w, Nowy Targ, Zakopane. W razie potrzeby ca\u0142a Polska.&nbsp;W przypadku innych miejscowo\u015bci prosz\u0119 o kontakt telefoniczny. Zajmuj\u0119 si\u0119 r\u00f3wnie\u017c bezp\u0142atnymi przegl\u0105dami lub serwisem Lamp BIOPTRON oraz innych produkt\u00f3w Zepter. Chcesz wypr\u00f3bowa\u0107 Lamp\u0119 BIOPTRON &#8211; po prostu zadzwo\u0144 i zapytaj o tak\u0105 mo\u017cliwo\u015b\u0107. Zakup Lampy BIOPTRON to wa\u017cna decyzja, dlatego mo\u017cliwo\u015b\u0107 wypr\u00f3bowania pozwoli Pa\u0144stwu podj\u0105\u0107 w\u0142a\u015bciw\u0105 decyzj\u0119. Oficjalny sklep Przedstawiciela Produkt\u00f3w Zepter i Lampy Bioptron medlight.pl &nbsp; &nbsp; Na przestrzeni lat sprzeda\u0142am setki produkt\u00f3w firmy Bioptron wielu osobom z r\u00f3\u017cnymi dolegliwo\u015bciam. Moimi klientami byli mi\u0119dzy innymi: sportowcy aktorzy osoby po wypadkach osoby z przewlek\u0142ymi chorobami oraz osoby takie jak Ty lub ja a tak\u017ce wielu prywatnym plac\u00f3wkom takim jak: gabinety kosmetyczne gabinety rehabilitacyjne szpitale, przychodnie Do dzi\u015b otrzymuj\u0119 od swoich klient\u00f3w wyrazy podzi\u0119kowania za \u017cyczliwo\u015b\u0107 oraz pomoc podczas korzystania z zakupionych przez nich produkt\u00f3w. Zawsze ch\u0119tnie pomog\u0119 w razie jakichkolwiek problem\u00f3w. Ka\u017cdego klienta traktuj\u0119 w indywidualny spos\u00f3b, nieszablonowo. Zapraszam do mojego sklepu: medlight.pl Wystarczy si\u0119 zarejestrowa\u0107 w naszym sklepie, aby otrzyma\u0107 RABATY na pierwsze i kolejne zakupy na asortyment, tj. Lampy BIOPTRON oraz inne produkty Zepter !!!! oraz Zach\u0119cam Pa\u0144stwa do kontaktu telefonicznego: 504 480 626<\/p>\n","protected":false},"author":1,"featured_media":0,"parent":0,"menu_order":0,"comment_status":"closed","ping_status":"open","template":"","meta":{"_monsterinsights_skip_tracking":false,"_monsterinsights_sitenote_active":false,"_monsterinsights_sitenote_note":"","_monsterinsights_sitenote_category":0,"footnotes":""},"class_list":["post-2","page","type-page","status-publish","hentry"],"yoast_head":"<!-- This site is optimized with the Yoast SEO plugin v25.3 - https:\/\/yoast.com\/wordpress\/plugins\/seo\/ -->\n<title>Zepter Bioptron - Przedstawiciel Krak\u00f3w Olkusz Katowice Nowy S\u0105cz - sprzeda\u017c, serwis, bezp\u0142atne zabiegi kosmetyczne, naprawa lub przegl\u0105dy<\/title>\n<meta name=\"description\" content=\"Dzia\u0142am na terenie okolic: Katowice, Olkusz, Krak\u00f3w, Niepo\u0142omice, Brzesko, Bochnia, Miech\u00f3w, Micha\u0142owice, Proszowice, Tarn\u00f3w, Wadowice, Andrych\u00f3w, Nowy S\u0105cz, Nowy Targ, Rabka Zdr\u00f3j, Zakopane. W razie potrzeby ca\u0142a Polska.\u00a0W przypadku innych miejscowo\u015bci prosz\u0119 o kontakt telefoniczny.\" \/>\n<meta name=\"robots\" content=\"index, follow, max-snippet:-1, max-image-preview:large, max-video-preview:-1\" \/>\n<link rel=\"canonical\" href=\"https:\/\/medlight.pl\/blog\/about\/\" \/>\n<meta property=\"og:locale\" content=\"pl_PL\" \/>\n<meta property=\"og:type\" content=\"article\" \/>\n<meta property=\"og:title\" content=\"Zepter Bioptron - Przedstawiciel Krak\u00f3w Olkusz Katowice Nowy S\u0105cz - sprzeda\u017c, serwis, bezp\u0142atne zabiegi kosmetyczne, naprawa lub przegl\u0105dy\" \/>\n<meta property=\"og:description\" content=\"Dzia\u0142am na terenie okolic: Katowice, Olkusz, Krak\u00f3w, Niepo\u0142omice, Brzesko, Bochnia, Miech\u00f3w, Micha\u0142owice, Proszowice, Tarn\u00f3w, Wadowice, Andrych\u00f3w, Nowy S\u0105cz, Nowy Targ, Rabka Zdr\u00f3j, Zakopane. W razie potrzeby ca\u0142a Polska.\u00a0W przypadku innych miejscowo\u015bci prosz\u0119 o kontakt telefoniczny.\" \/>\n<meta property=\"og:url\" content=\"https:\/\/medlight.pl\/blog\/about\/\" \/>\n<meta property=\"og:site_name\" content=\"Przedstawiciel produkt\u00f3w Zepter \/ Bioptron - Gwarancja Niskich Cen\" \/>\n<meta property=\"article:publisher\" content=\"https:\/\/www.facebook.com\/medlightpl-104577625396777\" \/>\n<meta property=\"article:modified_time\" content=\"2024-03-09T14:43:42+00:00\" \/>\n<meta property=\"og:image\" content=\"https:\/\/medlight.pl\/img\/cms\/atomizer\/Bez%20tytu%C5%82u.jpg\" \/>\n<meta name=\"twitter:card\" content=\"summary_large_image\" \/>\n<meta name=\"twitter:site\" content=\"@sylwiachochol\" \/>\n<meta name=\"twitter:label1\" content=\"Szacowany czas czytania\" \/>\n\t<meta name=\"twitter:data1\" content=\"3 minuty\" \/>\n<script type=\"application\/ld+json\" class=\"yoast-schema-graph\">{\"@context\":\"https:\/\/schema.org\",\"@graph\":[{\"@type\":\"WebPage\",\"@id\":\"https:\/\/medlight.pl\/blog\/about\/\",\"url\":\"https:\/\/medlight.pl\/blog\/about\/\",\"name\":\"Zepter Bioptron - Przedstawiciel Krak\u00f3w Olkusz Katowice Nowy S\u0105cz - sprzeda\u017c, serwis, bezp\u0142atne zabiegi kosmetyczne, naprawa lub przegl\u0105dy\",\"isPartOf\":{\"@id\":\"https:\/\/medlight.pl\/blog\/#website\"},\"primaryImageOfPage\":{\"@id\":\"https:\/\/medlight.pl\/blog\/about\/#primaryimage\"},\"image\":{\"@id\":\"https:\/\/medlight.pl\/blog\/about\/#primaryimage\"},\"thumbnailUrl\":\"https:\/\/medlight.pl\/img\/cms\/atomizer\/Bez%20tytu%C5%82u.jpg\",\"datePublished\":\"2018-02-24T12:24:03+00:00\",\"dateModified\":\"2024-03-09T14:43:42+00:00\",\"description\":\"Dzia\u0142am na terenie okolic: Katowice, Olkusz, Krak\u00f3w, Niepo\u0142omice, Brzesko, Bochnia, Miech\u00f3w, Micha\u0142owice, Proszowice, Tarn\u00f3w, Wadowice, Andrych\u00f3w, Nowy S\u0105cz, Nowy Targ, Rabka Zdr\u00f3j, Zakopane. W razie potrzeby ca\u0142a Polska.\u00a0W przypadku innych miejscowo\u015bci prosz\u0119 o kontakt telefoniczny.\",\"breadcrumb\":{\"@id\":\"https:\/\/medlight.pl\/blog\/about\/#breadcrumb\"},\"inLanguage\":\"pl-PL\",\"potentialAction\":[{\"@type\":\"ReadAction\",\"target\":[\"https:\/\/medlight.pl\/blog\/about\/\"]}]},{\"@type\":\"ImageObject\",\"inLanguage\":\"pl-PL\",\"@id\":\"https:\/\/medlight.pl\/blog\/about\/#primaryimage\",\"url\":\"https:\/\/medlight.pl\/img\/cms\/atomizer\/Bez%20tytu%C5%82u.jpg\",\"contentUrl\":\"https:\/\/medlight.pl\/img\/cms\/atomizer\/Bez%20tytu%C5%82u.jpg\"},{\"@type\":\"BreadcrumbList\",\"@id\":\"https:\/\/medlight.pl\/blog\/about\/#breadcrumb\",\"itemListElement\":[{\"@type\":\"ListItem\",\"position\":1,\"name\":\"Strona g\u0142\u00f3wna\",\"item\":\"https:\/\/medlight.pl\/blog\/\"},{\"@type\":\"ListItem\",\"position\":2,\"name\":\"O mnie\"}]},{\"@type\":\"WebSite\",\"@id\":\"https:\/\/medlight.pl\/blog\/#website\",\"url\":\"https:\/\/medlight.pl\/blog\/\",\"name\":\"Przedstawiciel produkt\u00f3w Zepter \/ Bioptron - Gwarancja Niskich Cen\",\"description\":\"Znajdziesz najwi\u0119cej informacji na temat produkt\u00f3w firmy Zepter \/ Bioptron\",\"publisher\":{\"@id\":\"https:\/\/medlight.pl\/blog\/#organization\"},\"potentialAction\":[{\"@type\":\"SearchAction\",\"target\":{\"@type\":\"EntryPoint\",\"urlTemplate\":\"https:\/\/medlight.pl\/blog\/?s={search_term_string}\"},\"query-input\":{\"@type\":\"PropertyValueSpecification\",\"valueRequired\":true,\"valueName\":\"search_term_string\"}}],\"inLanguage\":\"pl-PL\"},{\"@type\":\"Organization\",\"@id\":\"https:\/\/medlight.pl\/blog\/#organization\",\"name\":\"MEDLIGHT SYLWIA CHOCH\u00d3\u0141\",\"alternateName\":\"MEDLIGHT SYLWIA CHOCH\u00d3\u0141\",\"url\":\"https:\/\/medlight.pl\/blog\/\",\"logo\":{\"@type\":\"ImageObject\",\"inLanguage\":\"pl-PL\",\"@id\":\"https:\/\/medlight.pl\/blog\/#\/schema\/logo\/image\/\",\"url\":\"https:\/\/medlight.pl\/blog\/wp-content\/uploads\/2021\/01\/produktyzepter.pl-2.png\",\"contentUrl\":\"https:\/\/medlight.pl\/blog\/wp-content\/uploads\/2021\/01\/produktyzepter.pl-2.png\",\"width\":500,\"height\":500,\"caption\":\"MEDLIGHT SYLWIA CHOCH\u00d3\u0141\"},\"image\":{\"@id\":\"https:\/\/medlight.pl\/blog\/#\/schema\/logo\/image\/\"},\"sameAs\":[\"https:\/\/www.facebook.com\/medlightpl-104577625396777\",\"https:\/\/x.com\/sylwiachochol\",\"https:\/\/www.instagram.com\/medlight.pl\/\",\"https:\/\/www.linkedin.com\/in\/sylwia-choch\u00f3\u0142-31a75258\/\",\"https:\/\/nl.pinterest.com\/sylwiachoch\/\",\"https:\/\/www.youtube.com\/channel\/UCPnILazJ-Dh3WV3fvG1S27g\"]}]}<\/script>\n<!-- \/ Yoast SEO plugin. -->","yoast_head_json":{"title":"Zepter Bioptron - Przedstawiciel Krak\u00f3w Olkusz Katowice Nowy S\u0105cz - sprzeda\u017c, serwis, bezp\u0142atne zabiegi kosmetyczne, naprawa lub przegl\u0105dy","description":"Dzia\u0142am na terenie okolic: Katowice, Olkusz, Krak\u00f3w, Niepo\u0142omice, Brzesko, Bochnia, Miech\u00f3w, Micha\u0142owice, Proszowice, Tarn\u00f3w, Wadowice, Andrych\u00f3w, Nowy S\u0105cz, Nowy Targ, Rabka Zdr\u00f3j, Zakopane. W razie potrzeby ca\u0142a Polska.\u00a0W przypadku innych miejscowo\u015bci prosz\u0119 o kontakt telefoniczny.","robots":{"index":"index","follow":"follow","max-snippet":"max-snippet:-1","max-image-preview":"max-image-preview:large","max-video-preview":"max-video-preview:-1"},"canonical":"https:\/\/medlight.pl\/blog\/about\/","og_locale":"pl_PL","og_type":"article","og_title":"Zepter Bioptron - Przedstawiciel Krak\u00f3w Olkusz Katowice Nowy S\u0105cz - sprzeda\u017c, serwis, bezp\u0142atne zabiegi kosmetyczne, naprawa lub przegl\u0105dy","og_description":"Dzia\u0142am na terenie okolic: Katowice, Olkusz, Krak\u00f3w, Niepo\u0142omice, Brzesko, Bochnia, Miech\u00f3w, Micha\u0142owice, Proszowice, Tarn\u00f3w, Wadowice, Andrych\u00f3w, Nowy S\u0105cz, Nowy Targ, Rabka Zdr\u00f3j, Zakopane. W razie potrzeby ca\u0142a Polska.\u00a0W przypadku innych miejscowo\u015bci prosz\u0119 o kontakt telefoniczny.","og_url":"https:\/\/medlight.pl\/blog\/about\/","og_site_name":"Przedstawiciel produkt\u00f3w Zepter \/ Bioptron - Gwarancja Niskich Cen","article_publisher":"https:\/\/www.facebook.com\/medlightpl-104577625396777","article_modified_time":"2024-03-09T14:43:42+00:00","og_image":[{"url":"https:\/\/medlight.pl\/img\/cms\/atomizer\/Bez%20tytu%C5%82u.jpg","type":"","width":"","height":""}],"twitter_card":"summary_large_image","twitter_site":"@sylwiachochol","twitter_misc":{"Szacowany czas czytania":"3 minuty"},"schema":{"@context":"https:\/\/schema.org","@graph":[{"@type":"WebPage","@id":"https:\/\/medlight.pl\/blog\/about\/","url":"https:\/\/medlight.pl\/blog\/about\/","name":"Zepter Bioptron - Przedstawiciel Krak\u00f3w Olkusz Katowice Nowy S\u0105cz - sprzeda\u017c, serwis, bezp\u0142atne zabiegi kosmetyczne, naprawa lub przegl\u0105dy","isPartOf":{"@id":"https:\/\/medlight.pl\/blog\/#website"},"primaryImageOfPage":{"@id":"https:\/\/medlight.pl\/blog\/about\/#primaryimage"},"image":{"@id":"https:\/\/medlight.pl\/blog\/about\/#primaryimage"},"thumbnailUrl":"https:\/\/medlight.pl\/img\/cms\/atomizer\/Bez%20tytu%C5%82u.jpg","datePublished":"2018-02-24T12:24:03+00:00","dateModified":"2024-03-09T14:43:42+00:00","description":"Dzia\u0142am na terenie okolic: Katowice, Olkusz, Krak\u00f3w, Niepo\u0142omice, Brzesko, Bochnia, Miech\u00f3w, Micha\u0142owice, Proszowice, Tarn\u00f3w, Wadowice, Andrych\u00f3w, Nowy S\u0105cz, Nowy Targ, Rabka Zdr\u00f3j, Zakopane. W razie potrzeby ca\u0142a Polska.\u00a0W przypadku innych miejscowo\u015bci prosz\u0119 o kontakt telefoniczny.","breadcrumb":{"@id":"https:\/\/medlight.pl\/blog\/about\/#breadcrumb"},"inLanguage":"pl-PL","potentialAction":[{"@type":"ReadAction","target":["https:\/\/medlight.pl\/blog\/about\/"]}]},{"@type":"ImageObject","inLanguage":"pl-PL","@id":"https:\/\/medlight.pl\/blog\/about\/#primaryimage","url":"https:\/\/medlight.pl\/img\/cms\/atomizer\/Bez%20tytu%C5%82u.jpg","contentUrl":"https:\/\/medlight.pl\/img\/cms\/atomizer\/Bez%20tytu%C5%82u.jpg"},{"@type":"BreadcrumbList","@id":"https:\/\/medlight.pl\/blog\/about\/#breadcrumb","itemListElement":[{"@type":"ListItem","position":1,"name":"Strona g\u0142\u00f3wna","item":"https:\/\/medlight.pl\/blog\/"},{"@type":"ListItem","position":2,"name":"O mnie"}]},{"@type":"WebSite","@id":"https:\/\/medlight.pl\/blog\/#website","url":"https:\/\/medlight.pl\/blog\/","name":"Przedstawiciel produkt\u00f3w Zepter \/ Bioptron - Gwarancja Niskich Cen","description":"Znajdziesz najwi\u0119cej informacji na temat produkt\u00f3w firmy Zepter \/ Bioptron","publisher":{"@id":"https:\/\/medlight.pl\/blog\/#organization"},"potentialAction":[{"@type":"SearchAction","target":{"@type":"EntryPoint","urlTemplate":"https:\/\/medlight.pl\/blog\/?s={search_term_string}"},"query-input":{"@type":"PropertyValueSpecification","valueRequired":true,"valueName":"search_term_string"}}],"inLanguage":"pl-PL"},{"@type":"Organization","@id":"https:\/\/medlight.pl\/blog\/#organization","name":"MEDLIGHT SYLWIA CHOCH\u00d3\u0141","alternateName":"MEDLIGHT SYLWIA CHOCH\u00d3\u0141","url":"https:\/\/medlight.pl\/blog\/","logo":{"@type":"ImageObject","inLanguage":"pl-PL","@id":"https:\/\/medlight.pl\/blog\/#\/schema\/logo\/image\/","url":"https:\/\/medlight.pl\/blog\/wp-content\/uploads\/2021\/01\/produktyzepter.pl-2.png","contentUrl":"https:\/\/medlight.pl\/blog\/wp-content\/uploads\/2021\/01\/produktyzepter.pl-2.png","width":500,"height":500,"caption":"MEDLIGHT SYLWIA CHOCH\u00d3\u0141"},"image":{"@id":"https:\/\/medlight.pl\/blog\/#\/schema\/logo\/image\/"},"sameAs":["https:\/\/www.facebook.com\/medlightpl-104577625396777","https:\/\/x.com\/sylwiachochol","https:\/\/www.instagram.com\/medlight.pl\/","https:\/\/www.linkedin.com\/in\/sylwia-choch\u00f3\u0142-31a75258\/","https:\/\/nl.pinterest.com\/sylwiachoch\/","https:\/\/www.youtube.com\/channel\/UCPnILazJ-Dh3WV3fvG1S27g"]}]}},"jetpack_sharing_enabled":true,"_links":{"self":[{"href":"https:\/\/medlight.pl\/blog\/wp-json\/wp\/v2\/pages\/2"}],"collection":[{"href":"https:\/\/medlight.pl\/blog\/wp-json\/wp\/v2\/pages"}],"about":[{"href":"https:\/\/medlight.pl\/blog\/wp-json\/wp\/v2\/types\/page"}],"author":[{"embeddable":true,"href":"https:\/\/medlight.pl\/blog\/wp-json\/wp\/v2\/users\/1"}],"replies":[{"embeddable":true,"href":"https:\/\/medlight.pl\/blog\/wp-json\/wp\/v2\/comments?post=2"}],"version-history":[{"count":82,"href":"https:\/\/medlight.pl\/blog\/wp-json\/wp\/v2\/pages\/2\/revisions"}],"predecessor-version":[{"id":3344,"href":"https:\/\/medlight.pl\/blog\/wp-json\/wp\/v2\/pages\/2\/revisions\/3344"}],"wp:attachment":[{"href":"https:\/\/medlight.pl\/blog\/wp-json\/wp\/v2\/media?parent=2"}],"curies":[{"name":"wp","href":"https:\/\/api.w.org\/{rel}","templated":true}]}}