{"id":3439,"date":"2024-11-19T19:45:53","date_gmt":"2024-11-19T18:45:53","guid":{"rendered":"https:\/\/medlight.pl\/blog\/koszyk\/"},"modified":"2025-06-10T12:27:43","modified_gmt":"2025-06-10T10:27:43","slug":"koszyk","status":"publish","type":"page","link":"https:\/\/medlight.pl\/blog\/koszyk\/","title":{"rendered":"Koszyk"},"content":{"rendered":"<div data-block-name=\"woocommerce\/cart\" class=\"wp-block-woocommerce-cart alignwide is-loading\"><div data-block-name=\"woocommerce\/filled-cart-block\" class=\"wp-block-woocommerce-filled-cart-block\"><div data-block-name=\"woocommerce\/cart-items-block\" class=\"wp-block-woocommerce-cart-items-block\"><div data-block-name=\"woocommerce\/cart-line-items-block\" class=\"wp-block-woocommerce-cart-line-items-block\"><\/div>\n\n<div data-block-name=\"woocommerce\/cart-cross-sells-block\" class=\"wp-block-woocommerce-cart-cross-sells-block\"><h2 class=\"wp-block-heading has-large-font-size\">Zobacz inne r\u00f3wnie interesuj\u0105ce\u2026<\/h2>\n\n<div data-block-name=\"woocommerce\/cart-cross-sells-products-block\" class=\"wp-block-woocommerce-cart-cross-sells-products-block\"><\/div><\/div><\/div>\n\n<div data-block-name=\"woocommerce\/cart-totals-block\" class=\"wp-block-woocommerce-cart-totals-block\"><div data-block-name=\"woocommerce\/cart-order-summary-block\" class=\"wp-block-woocommerce-cart-order-summary-block\"><div data-block-name=\"woocommerce\/cart-order-summary-heading-block\" class=\"wp-block-woocommerce-cart-order-summary-heading-block\"><\/div><div data-block-name=\"woocommerce\/cart-order-summary-coupon-form-block\" class=\"wp-block-woocommerce-cart-order-summary-coupon-form-block\"><\/div><div data-block-name=\"woocommerce\/cart-order-summary-totals-block\" class=\"wp-block-woocommerce-cart-order-summary-totals-block\">\n<div data-block-name=\"woocommerce\/cart-order-summary-subtotal-block\" class=\"wp-block-woocommerce-cart-order-summary-subtotal-block\"><\/div>\n<div data-block-name=\"woocommerce\/cart-order-summary-discount-block\" class=\"wp-block-woocommerce-cart-order-summary-discount-block\"><\/div>\n<div data-block-name=\"woocommerce\/cart-order-summary-fee-block\" class=\"wp-block-woocommerce-cart-order-summary-fee-block\"><\/div>\n<div data-block-name=\"woocommerce\/cart-order-summary-shipping-block\" class=\"wp-block-woocommerce-cart-order-summary-shipping-block\"><\/div>\n<div data-block-name=\"woocommerce\/cart-order-summary-taxes-block\" class=\"wp-block-woocommerce-cart-order-summary-taxes-block\"><\/div><\/div><\/div>\n\n<div data-block-name=\"woocommerce\/cart-express-payment-block\" class=\"wp-block-woocommerce-cart-express-payment-block\"><\/div>\n\n<div data-block-name=\"woocommerce\/proceed-to-checkout-block\" class=\"wp-block-woocommerce-proceed-to-checkout-block\"><\/div>\n\n<div data-block-name=\"woocommerce\/cart-accepted-payment-methods-block\" class=\"wp-block-woocommerce-cart-accepted-payment-methods-block\"><\/div><\/div><\/div>\n\n<div data-block-name=\"woocommerce\/empty-cart-block\" class=\"wp-block-woocommerce-empty-cart-block\"><h2 class=\"wp-block-heading has-text-align-center with-empty-cart-icon wc-block-cart__empty-cart__title\">Tw\u00f3j koszyk jest obecnie pusty!<\/h2>\n\n<hr class=\"wp-block-separator has-alpha-channel-opacity is-style-dots\"\/>\n\n<h2 class=\"wp-block-heading has-text-align-center\">Nowe w sklepie<\/h2>\n\n<\/div><\/div>","protected":false},"excerpt":{"rendered":"","protected":false},"author":1,"featured_media":0,"parent":0,"menu_order":0,"comment_status":"closed","ping_status":"closed","template":"","meta":{"_monsterinsights_skip_tracking":false,"_monsterinsights_sitenote_active":false,"_monsterinsights_sitenote_note":"","_monsterinsights_sitenote_category":0,"footnotes":""},"class_list":["post-3439","page","type-page","status-publish","hentry"],"yoast_head":"<!-- This site is optimized with the Yoast SEO plugin v25.3 - https:\/\/yoast.com\/wordpress\/plugins\/seo\/ -->\n<title>Koszyk - Przedstawiciel produkt\u00f3w Zepter \/ Bioptron - Gwarancja Niskich Cen<\/title>\n<meta name=\"robots\" content=\"index, follow, max-snippet:-1, max-image-preview:large, max-video-preview:-1\" \/>\n<link rel=\"canonical\" href=\"https:\/\/medlight.pl\/blog\/koszyk\/\" \/>\n<meta property=\"og:locale\" content=\"pl_PL\" \/>\n<meta property=\"og:type\" content=\"article\" \/>\n<meta property=\"og:title\" content=\"Koszyk - Przedstawiciel produkt\u00f3w Zepter \/ Bioptron - Gwarancja Niskich Cen\" \/>\n<meta property=\"og:url\" content=\"https:\/\/medlight.pl\/blog\/koszyk\/\" \/>\n<meta property=\"og:site_name\" content=\"Przedstawiciel produkt\u00f3w Zepter \/ Bioptron - Gwarancja Niskich Cen\" \/>\n<meta property=\"article:publisher\" content=\"https:\/\/www.facebook.com\/medlightpl-104577625396777\" \/>\n<meta property=\"article:modified_time\" content=\"2025-06-10T10:27:43+00:00\" \/>\n<meta name=\"twitter:card\" content=\"summary_large_image\" \/>\n<meta name=\"twitter:site\" content=\"@sylwiachochol\" \/>\n<script type=\"application\/ld+json\" class=\"yoast-schema-graph\">{\"@context\":\"https:\/\/schema.org\",\"@graph\":[{\"@type\":\"WebPage\",\"@id\":\"https:\/\/medlight.pl\/blog\/koszyk\/\",\"url\":\"https:\/\/medlight.pl\/blog\/koszyk\/\",\"name\":\"Koszyk - Przedstawiciel produkt\u00f3w Zepter \/ Bioptron - Gwarancja Niskich Cen\",\"isPartOf\":{\"@id\":\"https:\/\/medlight.pl\/blog\/#website\"},\"datePublished\":\"2024-11-19T18:45:53+00:00\",\"dateModified\":\"2025-06-10T10:27:43+00:00\",\"breadcrumb\":{\"@id\":\"https:\/\/medlight.pl\/blog\/koszyk\/#breadcrumb\"},\"inLanguage\":\"pl-PL\",\"potentialAction\":[{\"@type\":\"ReadAction\",\"target\":[\"https:\/\/medlight.pl\/blog\/koszyk\/\"]}]},{\"@type\":\"BreadcrumbList\",\"@id\":\"https:\/\/medlight.pl\/blog\/koszyk\/#breadcrumb\",\"itemListElement\":[{\"@type\":\"ListItem\",\"position\":1,\"name\":\"Strona g\u0142\u00f3wna\",\"item\":\"https:\/\/medlight.pl\/blog\/\"},{\"@type\":\"ListItem\",\"position\":2,\"name\":\"Koszyk\"}]},{\"@type\":\"WebSite\",\"@id\":\"https:\/\/medlight.pl\/blog\/#website\",\"url\":\"https:\/\/medlight.pl\/blog\/\",\"name\":\"Przedstawiciel produkt\u00f3w Zepter \/ Bioptron - Gwarancja Niskich Cen\",\"description\":\"Znajdziesz najwi\u0119cej informacji na temat produkt\u00f3w firmy Zepter \/ Bioptron\",\"publisher\":{\"@id\":\"https:\/\/medlight.pl\/blog\/#organization\"},\"potentialAction\":[{\"@type\":\"SearchAction\",\"target\":{\"@type\":\"EntryPoint\",\"urlTemplate\":\"https:\/\/medlight.pl\/blog\/?s={search_term_string}\"},\"query-input\":{\"@type\":\"PropertyValueSpecification\",\"valueRequired\":true,\"valueName\":\"search_term_string\"}}],\"inLanguage\":\"pl-PL\"},{\"@type\":\"Organization\",\"@id\":\"https:\/\/medlight.pl\/blog\/#organization\",\"name\":\"MEDLIGHT SYLWIA CHOCH\u00d3\u0141\",\"alternateName\":\"MEDLIGHT SYLWIA CHOCH\u00d3\u0141\",\"url\":\"https:\/\/medlight.pl\/blog\/\",\"logo\":{\"@type\":\"ImageObject\",\"inLanguage\":\"pl-PL\",\"@id\":\"https:\/\/medlight.pl\/blog\/#\/schema\/logo\/image\/\",\"url\":\"https:\/\/medlight.pl\/blog\/wp-content\/uploads\/2021\/01\/produktyzepter.pl-2.png\",\"contentUrl\":\"https:\/\/medlight.pl\/blog\/wp-content\/uploads\/2021\/01\/produktyzepter.pl-2.png\",\"width\":500,\"height\":500,\"caption\":\"MEDLIGHT SYLWIA CHOCH\u00d3\u0141\"},\"image\":{\"@id\":\"https:\/\/medlight.pl\/blog\/#\/schema\/logo\/image\/\"},\"sameAs\":[\"https:\/\/www.facebook.com\/medlightpl-104577625396777\",\"https:\/\/x.com\/sylwiachochol\",\"https:\/\/www.instagram.com\/medlight.pl\/\",\"https:\/\/www.linkedin.com\/in\/sylwia-choch\u00f3\u0142-31a75258\/\",\"https:\/\/nl.pinterest.com\/sylwiachoch\/\",\"https:\/\/www.youtube.com\/channel\/UCPnILazJ-Dh3WV3fvG1S27g\"]}]}<\/script>\n<!-- \/ Yoast SEO plugin. -->","yoast_head_json":{"title":"Koszyk - Przedstawiciel produkt\u00f3w Zepter \/ Bioptron - Gwarancja Niskich Cen","robots":{"index":"index","follow":"follow","max-snippet":"max-snippet:-1","max-image-preview":"max-image-preview:large","max-video-preview":"max-video-preview:-1"},"canonical":"https:\/\/medlight.pl\/blog\/koszyk\/","og_locale":"pl_PL","og_type":"article","og_title":"Koszyk - Przedstawiciel produkt\u00f3w Zepter \/ Bioptron - Gwarancja Niskich Cen","og_url":"https:\/\/medlight.pl\/blog\/koszyk\/","og_site_name":"Przedstawiciel produkt\u00f3w Zepter \/ Bioptron - Gwarancja Niskich Cen","article_publisher":"https:\/\/www.facebook.com\/medlightpl-104577625396777","article_modified_time":"2025-06-10T10:27:43+00:00","twitter_card":"summary_large_image","twitter_site":"@sylwiachochol","schema":{"@context":"https:\/\/schema.org","@graph":[{"@type":"WebPage","@id":"https:\/\/medlight.pl\/blog\/koszyk\/","url":"https:\/\/medlight.pl\/blog\/koszyk\/","name":"Koszyk - Przedstawiciel produkt\u00f3w Zepter \/ Bioptron - Gwarancja Niskich Cen","isPartOf":{"@id":"https:\/\/medlight.pl\/blog\/#website"},"datePublished":"2024-11-19T18:45:53+00:00","dateModified":"2025-06-10T10:27:43+00:00","breadcrumb":{"@id":"https:\/\/medlight.pl\/blog\/koszyk\/#breadcrumb"},"inLanguage":"pl-PL","potentialAction":[{"@type":"ReadAction","target":["https:\/\/medlight.pl\/blog\/koszyk\/"]}]},{"@type":"BreadcrumbList","@id":"https:\/\/medlight.pl\/blog\/koszyk\/#breadcrumb","itemListElement":[{"@type":"ListItem","position":1,"name":"Strona g\u0142\u00f3wna","item":"https:\/\/medlight.pl\/blog\/"},{"@type":"ListItem","position":2,"name":"Koszyk"}]},{"@type":"WebSite","@id":"https:\/\/medlight.pl\/blog\/#website","url":"https:\/\/medlight.pl\/blog\/","name":"Przedstawiciel produkt\u00f3w Zepter \/ Bioptron - Gwarancja Niskich Cen","description":"Znajdziesz najwi\u0119cej informacji na temat produkt\u00f3w firmy Zepter \/ Bioptron","publisher":{"@id":"https:\/\/medlight.pl\/blog\/#organization"},"potentialAction":[{"@type":"SearchAction","target":{"@type":"EntryPoint","urlTemplate":"https:\/\/medlight.pl\/blog\/?s={search_term_string}"},"query-input":{"@type":"PropertyValueSpecification","valueRequired":true,"valueName":"search_term_string"}}],"inLanguage":"pl-PL"},{"@type":"Organization","@id":"https:\/\/medlight.pl\/blog\/#organization","name":"MEDLIGHT SYLWIA CHOCH\u00d3\u0141","alternateName":"MEDLIGHT SYLWIA CHOCH\u00d3\u0141","url":"https:\/\/medlight.pl\/blog\/","logo":{"@type":"ImageObject","inLanguage":"pl-PL","@id":"https:\/\/medlight.pl\/blog\/#\/schema\/logo\/image\/","url":"https:\/\/medlight.pl\/blog\/wp-content\/uploads\/2021\/01\/produktyzepter.pl-2.png","contentUrl":"https:\/\/medlight.pl\/blog\/wp-content\/uploads\/2021\/01\/produktyzepter.pl-2.png","width":500,"height":500,"caption":"MEDLIGHT SYLWIA CHOCH\u00d3\u0141"},"image":{"@id":"https:\/\/medlight.pl\/blog\/#\/schema\/logo\/image\/"},"sameAs":["https:\/\/www.facebook.com\/medlightpl-104577625396777","https:\/\/x.com\/sylwiachochol","https:\/\/www.instagram.com\/medlight.pl\/","https:\/\/www.linkedin.com\/in\/sylwia-choch\u00f3\u0142-31a75258\/","https:\/\/nl.pinterest.com\/sylwiachoch\/","https:\/\/www.youtube.com\/channel\/UCPnILazJ-Dh3WV3fvG1S27g"]}]}},"jetpack_sharing_enabled":true,"_links":{"self":[{"href":"https:\/\/medlight.pl\/blog\/wp-json\/wp\/v2\/pages\/3439"}],"collection":[{"href":"https:\/\/medlight.pl\/blog\/wp-json\/wp\/v2\/pages"}],"about":[{"href":"https:\/\/medlight.pl\/blog\/wp-json\/wp\/v2\/types\/page"}],"author":[{"embeddable":true,"href":"https:\/\/medlight.pl\/blog\/wp-json\/wp\/v2\/users\/1"}],"replies":[{"embeddable":true,"href":"https:\/\/medlight.pl\/blog\/wp-json\/wp\/v2\/comments?post=3439"}],"version-history":[{"count":1,"href":"https:\/\/medlight.pl\/blog\/wp-json\/wp\/v2\/pages\/3439\/revisions"}],"predecessor-version":[{"id":3580,"href":"https:\/\/medlight.pl\/blog\/wp-json\/wp\/v2\/pages\/3439\/revisions\/3580"}],"wp:attachment":[{"href":"https:\/\/medlight.pl\/blog\/wp-json\/wp\/v2\/media?parent=3439"}],"curies":[{"name":"wp","href":"https:\/\/api.w.org\/{rel}","templated":true}]}}